{"id":4931,"date":"2024-08-07T12:19:12","date_gmt":"2024-08-07T10:19:12","guid":{"rendered":"https:\/\/bmwelvemulator.com\/?page_id=4931"},"modified":"2024-08-07T13:25:54","modified_gmt":"2024-08-07T11:25:54","slug":"ruckgaberecht","status":"publish","type":"page","link":"https:\/\/bmwelvfault.com\/?page_id=4931&lang=de","title":{"rendered":"R\u00fcckgaberecht"},"content":{"rendered":"<h4>R\u00fcckgabe<\/h4>\n<p>Wenn Sie aus irgendeinem Grund nicht zufrieden sind, k\u00f6nnen Sie Ihre Bestellung zur\u00fccksenden und eine volle R\u00fcckerstattung erhalten.<\/p>\n<p>Sie m\u00fcssen Ihre R\u00fccksendung innerhalb von\u00a0<strong>15 Tagen nach Erhalt Ihrer Bestellung<\/strong> registrieren und die Waren gem\u00e4\u00df unserer Weisung an uns unverz\u00fcglich und in jedem Fall sp\u00e4testens\u00a0<strong>15 Tage nach Registrierung Ihrer R\u00fccksendung<\/strong> an diesen zur\u00fccksenden.<\/p>\n<h4>So beginnen Sie mit dem R\u00fcckgabeprozess:<\/h4>\n<ul>\n<li>Wenn Ihr Paket Informationen zur R\u00fcckgabe enthalten hat, befolgen Sie bitte diese Anweisungen, um das Paket zur\u00fcckzusenden.<\/li>\n<\/ul>\n<p><strong>Wichtiger Hinweis:<\/strong> Alle Bestellungen m\u00fcssen direkt an uns zur\u00fcckgeschickt werden. <strong>Bitte senden Sie keine Artikel an das Versandlager zur\u00fcck<\/strong>. Wir \u00fcbernehmen keine Haftung f\u00fcr Waren, die direkt an das Versandlager zur\u00fcckgeschickt werden.<\/p>\n<p><span style=\"color: #404040;\">F\u00fcr R\u00fccksendungen gelten die gleichen Ausschl\u00fcsse wie f\u00fcr das Widerrufsrecht. <\/span>Bitte beachten Sie, dass die folgenden Waren nicht zur\u00fcckgeschickt werden k\u00f6nnen:<\/p>\n<ul>\n<li>Waren, die eindeutig personalisiert sind oder nach Ihren Angaben hergestellt wurden<\/li>\n<\/ul>\n<h4>Zusatzinformationen:<\/h4>\n<ul>\n<li>Die zur\u00fcckgeschickten Waren m\u00fcssen in verkaufsf\u00e4higem Zustand sein.<\/li>\n<li>Zur\u00fcckgeschickte Waren m\u00fcssen ungetragen\/unbenutzt, mit Originaletiketten und Originalverpackung sein.<\/li>\n<li>Waren sollten so verpackt werden, dass weder der Artikel noch die Markenverpackung (falls zutreffend) w\u00e4hrend des Transports besch\u00e4digt werden. Wir \u00fcbernehmen keine Haftung f\u00fcr Artikel, die beim Transport besch\u00e4digt werden.<\/li>\n<li>Sie tragen die R\u00fcckversandkosten, es sei denn, ein Artikel wurde fehlerhaft oder besch\u00e4digt geliefert.<\/li>\n<li>Wir empfehlen dringend die Nutzung einer Sendungsverfolgung (gegebenenfalls kombiniert mit einer Versicherung f\u00fcr den Warenwert), wobei der Versandnachweis aufbewahrt werden sollte. Wir \u00fcbernehmen keine Haftung f\u00fcr Artikel, die bei der R\u00fccksendung verloren gehen.<\/li>\n<li>Wenn eine R\u00fccksendung international versendet wird, kennzeichnen Sie sie bitte als \u201e<strong>R\u00dcCKSENDUNG<\/strong>\u201c, um zu vermeiden, nach Erhalt Zollgeb\u00fchren entstehen.<\/li>\n<\/ul>\n<p>Wenn eine Bestellung zur\u00fcckgeschickt wird, die diese Bedingungen nicht erf\u00fcllt, kann Ihre R\u00fccksendung abgelehnt und an Sie zur\u00fcckgeschickt oder eine reduzierte R\u00fcckerstattung angeboten werden.<\/p>\n<h4>Besch\u00e4digte oder fehlerhafte Waren<\/h4>\n<p>Wir ben\u00f6tigen ein Bild oder Video, das den Schaden, den Fehler oder den falschen Artikel zeigt, um Ihnen eine L\u00f6sung anbieten zu k\u00f6nnen. Die gebr\u00e4uchlichsten L\u00f6sungen bei Problemen im Zusammenhang mit besch\u00e4digten oder fehlerhaften Waren sind:<\/p>\n<ul>\n<li>Wir k\u00f6nnen unter Umst\u00e4nden einen Ersatz liefern.<\/li>\n<li>Wir k\u00f6nnen einen Rabatt anbieten, wenn Sie Waren mit geringf\u00fcgigen Sch\u00e4den behalten.<\/li>\n<\/ul>\n<p>Wenn wir den Artikel nicht ersetzen k\u00f6nnen und Sie keinen Rabatt in Anspruch nehmen m\u00f6chten, k\u00f6nnen Sie die Bestellung stornieren und die Waren gegen eine R\u00fcckerstattung des vollen Kaufpreises zur\u00fccksenden.<\/p>\n<h4>Annahmeverweigerung<\/h4>\n<p>Wenn Sie sich weigern, die Lieferung Ihrer Bestellung ganz oder teilweise anzunehmen (und die Produkte oder die Verpackung augenscheinlich nicht besch\u00e4digt oder defekt sind), k\u00f6nnen alle Geb\u00fchren und Kosten, die dem H\u00e4ndler durch die Verweigerung der Annahme eines Pakets entstanden sind, von Ihrer Warenr\u00fcckerstattung abgezogen werden. Das Gleiche gilt, wenn aus der Sendungsverfolgung hervorgeht, dass es einen Zustellversuch gegeben hat, die Sendung zur Abholung in einem Postdepot bereitlag, nicht abgeholt und daraufhin an den Absender zur\u00fcckgeschickt wurde.<\/p>\n<h4>R\u00fcckerstattung<\/h4>\n<ul>\n<li>Die R\u00fcckerstattung erfolgt innerhalb von 14 Tagen, nachdem wir die Ware zur\u00fcckerhalten haben.<\/li>\n<li>Sie erhalten eine E-Mail, sobald die Produkte bei uns erreicht haben und die R\u00fcckgabe angenommen wurde.<\/li>\n<li>R\u00fcckerstattungen werden auf das gleiche Zahlungsmittel ausgestellt, das urspr\u00fcnglich f\u00fcr den Kauf der Waren verwendet wurde.<\/li>\n<li>R\u00fcckerstattungen dauern in der Regel 1\u20135 Werktage, bis sie auf Ihrem Konto ausgewiesen werden, je nach der verwendeten Zahlungsmethode.<\/li>\n<\/ul>\n<h4>Umtausch<\/h4>\n<p>Wir k\u00f6nnen Artikel umtauschen, bitte kontaktieren Sie uns.<\/p>\n","protected":false},"excerpt":{"rendered":"<p>R\u00fcckgabe Wenn Sie aus irgendeinem Grund nicht zufrieden sind, k\u00f6nnen Sie Ihre Bestellung zur\u00fccksenden und eine volle R\u00fcckerstattung erhalten. Sie m\u00fcssen Ihre R\u00fccksendung innerhalb von\u00a015 Tagen nach Erhalt Ihrer Bestellung registrieren und die Waren gem\u00e4\u00df unserer Weisung an uns unverz\u00fcglich und in jedem Fall sp\u00e4testens\u00a015 Tage nach Registrierung Ihrer R\u00fccksendung an diesen zur\u00fccksenden. So beginnen [&hellip;]<\/p>\n","protected":false},"author":1,"featured_media":0,"parent":0,"menu_order":0,"comment_status":"closed","ping_status":"closed","template":"","meta":{"footnotes":""},"class_list":["post-4931","page","type-page","status-publish","hentry"],"_links":{"self":[{"href":"https:\/\/bmwelvfault.com\/index.php?rest_route=\/wp\/v2\/pages\/4931","targetHints":{"allow":["GET"]}}],"collection":[{"href":"https:\/\/bmwelvfault.com\/index.php?rest_route=\/wp\/v2\/pages"}],"about":[{"href":"https:\/\/bmwelvfault.com\/index.php?rest_route=\/wp\/v2\/types\/page"}],"author":[{"embeddable":true,"href":"https:\/\/bmwelvfault.com\/index.php?rest_route=\/wp\/v2\/users\/1"}],"replies":[{"embeddable":true,"href":"https:\/\/bmwelvfault.com\/index.php?rest_route=%2Fwp%2Fv2%2Fcomments&post=4931"}],"version-history":[{"count":2,"href":"https:\/\/bmwelvfault.com\/index.php?rest_route=\/wp\/v2\/pages\/4931\/revisions"}],"predecessor-version":[{"id":4935,"href":"https:\/\/bmwelvfault.com\/index.php?rest_route=\/wp\/v2\/pages\/4931\/revisions\/4935"}],"wp:attachment":[{"href":"https:\/\/bmwelvfault.com\/index.php?rest_route=%2Fwp%2Fv2%2Fmedia&parent=4931"}],"curies":[{"name":"wp","href":"https:\/\/api.w.org\/{rel}","templated":true}]}}