{"id":4929,"date":"2024-08-07T12:11:24","date_gmt":"2024-08-07T10:11:24","guid":{"rendered":"https:\/\/bmwelvemulator.com\/?page_id=4929"},"modified":"2024-08-07T13:41:24","modified_gmt":"2024-08-07T11:41:24","slug":"visszakuldesi-szabalyzat","status":"publish","type":"page","link":"https:\/\/bmwelvfault.com\/?page_id=4929&lang=hu","title":{"rendered":"Visszak\u00fcld\u00e9si szab\u00e1lyzat"},"content":{"rendered":"<h4>Visszak\u00fcld\u00e9s<\/h4>\n<p>Ha b\u00e1rmilyen okb\u00f3l nem vagy el\u00e9gedett a megrendel\u00e9ssel, akkor k\u00f6lts\u00e9gvisszat\u00e9r\u00edt\u00e9s \u00e9rdek\u00e9ben visszak\u00fcldheted.<\/p>\n<p>A visszak\u00fcld\u00e9st <strong>a megrendel\u00e9s k\u00e9zhezv\u00e9tel\u00e9t k\u00f6vet\u0151 14 napon bel\u00fcl<\/strong> regisztr\u00e1lni kell \u00e9s k\u00e9sdelem n\u00e9lk\u00fcl, de legk\u00e9s\u0151bb a\u00a0<strong>visszak\u00fcld\u00e9s regisztr\u00e1ci\u00f3j\u00e1t k\u00f6vet\u0151 14 napon bel\u00fcl<\/strong> vissza kell k\u00fcldened a term\u00e9keket nek\u00fcnk.<\/p>\n<p><strong>A visszak\u00fcld\u00e9si folyamat elind\u00edt\u00e1s\u00e1hoz az al\u00e1bbiakat kell tenned:<\/strong><\/p>\n<ul>\n<li>A csomagban tal\u00e1lhat\u00f3 visszak\u00fcld\u00e9sre vonatkoz\u00f3 inform\u00e1ci\u00f3k alapj\u00e1n juttasd vissza a csomagot hozz\u00e1nk.<\/li>\n<\/ul>\n<p><span style=\"color: #404040;\">Ugyanazon kiv\u00e9telek alkalmazand\u00f3k visszak\u00fcld\u00e9s \u00e9s az el\u00e1ll\u00e1si jog \u00e9rv\u00e9nyes\u00edt\u00e9se eset\u00e9n.<\/span>\u00a0 K\u00e9rj\u00fck, vedd figyelembe, hogy az al\u00e1bbi term\u00e9kek nem visszak\u00fcldhet\u0151ek:<\/p>\n<ul>\n<li>Olyan term\u00e9kek, amelyek egy\u00e9rtelm\u0171en szem\u00e9lyre szabottak vagy az ig\u00e9nyeid szerint lettek el\u0151k\u00e9sz\u00edtve.<\/li>\n<\/ul>\n<p><strong>Tov\u00e1bbi inform\u00e1ci\u00f3k:<\/strong><\/p>\n<ul>\n<li>A visszak\u00fcld\u00f6tt \u00e1ruknak eladhat\u00f3 \u00e1llapotban kell lenni\u00fck.<\/li>\n<li>A visszak\u00fcld\u00f6tt \u00e1ruknak haszn\u00e1latlan \u00e1llapotban kell lenni\u00fck \u00e9s rendelkezni\u00fck kell az eredeti c\u00edmk\u00e9kkel \u00e9s csomagol\u00e1ssal.<\/li>\n<li>A visszak\u00fcld\u00f6tt term\u00e9keket \u00fagy kell becsomagolni, hogy sem a term\u00e9k, sem a csomagol\u00e1s nem s\u00e9r\u00fcl sz\u00e1ll\u00edt\u00e1s k\u00f6zben. Nem v\u00e1llalunk felel\u0151ss\u00e9get a sz\u00e1ll\u00edt\u00e1s k\u00f6zben megs\u00e9r\u00fclt term\u00e9kek\u00e9rt.<\/li>\n<li>A visszak\u00fcld\u00e9s sz\u00e1ll\u00edt\u00e1si d\u00edja a vev\u0151t terheli.<\/li>\n<li>Er\u0151sen aj\u00e1nlott k\u00f6vethet\u0151 postai szolg\u00e1ltat\u00e1s alkalmaz\u00e1sa (az \u00e1ru \u00e9rt\u00e9k\u00e9t\u0151l f\u00fcgg\u0151en biztos\u00edt\u00e1ssal) \u00e9s a felad\u00e1si bizonylat meg\u0151rz\u00e9se. Nem v\u00e1llalunk felel\u0151ss\u00e9get a visszak\u00fcld\u00e9s k\u00f6zben elveszett term\u00e9kek\u00e9rt.<\/li>\n<li>Ha a visszak\u00fcld\u00e9sre nemzetk\u00f6zi sz\u00e1ll\u00edt\u00e1ssal ker\u00fcl sor, akkor k\u00e9rj\u00fck, l\u00e1sd el a csomagot \u201e<strong>VISSZAK\u00dcLD\u00d6TT \u00c1RU<\/strong>\u201d jel\u00f6l\u00e9ssel annak \u00e9rdek\u00e9ben, hogy el tudjuk ker\u00fclni a visszak\u00fcld\u00e9sb\u0151l ered\u0151 esetleges v\u00e1mk\u00f6lts\u00e9geket.<\/li>\n<\/ul>\n<p>Ha a visszak\u00fcld\u00f6tt term\u00e9kek \u00e1llapota nem megfelel\u0151, akkor a visszak\u00fcld\u00e9s elutas\u00edt\u00e1sra ker\u00fclhet; ebben az esetben a visszak\u00fcld\u00f6tt \u00e1rukat visszak\u00fcldj\u00fck neked, vagy egy cs\u00f6kkentett \u00f6sszeg\u0171 visszat\u00e9r\u00edt\u00e9sre tesz\u00fcnk aj\u00e1nlatot.<\/p>\n<p><strong>S\u00e9r\u00fclt vagy hib\u00e1s term\u00e9kek<\/strong><\/p>\n<p>Egy k\u00e9pet vagy egy vide\u00f3t fogunk k\u00e9rni a s\u00e9r\u00fcl\u00e9sr\u0151l, hib\u00e1r\u00f3l. A s\u00e9r\u00fclt vagy hib\u00e1s term\u00e9kekkel kapcsolatos probl\u00e9m\u00e1kra a legjellemz\u0151bb megold\u00e1sok a k\u00f6vetkez\u0151k:<\/p>\n<ul>\n<li>Biztos\u00edtunk egy cseredarabot.<\/li>\n<li>Felaj\u00e1nlunk egy kedvezm\u00e9nyt, amelynek fej\u00e9ben megtarthatod a minim\u00e1lis s\u00e9r\u00fcl\u00e9ssel rendelkez\u0151 \u00e1rut.<\/li>\n<\/ul>\n<p>Ha nem tudjuk kicser\u00e9lni az \u00e1rut \u00e9s nem szeretn\u00e9d elfogadni a kedvezm\u00e9nyt, akkor el\u00e1llhatsz a megrendel\u00e9st\u0151l \u00e9s visszak\u00fcldheted az \u00e1rut a teljes visszat\u00e9r\u00edt\u00e9s \u00e9rdek\u00e9ben.<\/p>\n<p><strong>A csomag \u00e1tv\u00e9tel\u00e9nek elutas\u00edt\u00e1sa<\/strong><\/p>\n<p>Ha elutas\u00edtod rendel\u00e9sed \u00e1tv\u00e9tel\u00e9t (abban az esetben, ha a csomagol\u00e1s nem t\u0171nik hib\u00e1snak vagy s\u00e9r\u00fcltnek), akkor a felmer\u00fcl\u0151 d\u00edjak \u00e9s k\u00f6lts\u00e9gek levon\u00e1sra ker\u00fclnek az \u00e1ruvisszat\u00e9r\u00edt\u00e9s \u00e9rt\u00e9k\u00e9b\u0151l. Ugyanez t\u00f6rt\u00e9nik abban az esetben is, ha a kisz\u00e1ll\u00edt\u00e1s \u00e1llapota azt jelzi, hogy az \u00e1rucikk k\u00e9zbes\u00edt\u00e9s\u00e9re k\u00eds\u00e9rletet tettek, a post\u00e1n v\u00e1rta az \u00e1tv\u00e9telt majd vissza lett k\u00fcldve a felad\u00f3nak, mert senki nem kereste.<\/p>\n<h4>Visszat\u00e9r\u00edt\u00e9s<\/h4>\n<ul>\n<li>A v\u00e9tel\u00e1r visszat\u00e9r\u00edt\u00e9se az \u00e1ru vissza\u00e9rkez\u00e9s\u00e9t\u0151l sz\u00e1m\u00edtott 14 napon bel\u00fcl megt\u00f6rt\u00e9nik.<\/li>\n<li>E-mailben \u00e9rtes\u00edt\u00e9st fogsz kapni arr\u00f3l, ha a term\u00e9kek vissza\u00e9rkeznek hozz\u00e1nk \u00e9s visszavett\u00fck \u0151ket.<\/li>\n<li>A visszat\u00e9r\u00edt\u00e9s ugyanazon a m\u00f3don t\u00f6rt\u00e9nik, amelyet az \u00e1ru megv\u00e1s\u00e1rl\u00e1sakor alkalmazt\u00e1l.<\/li>\n<li>A fizet\u00e9si m\u00f3dt\u00f3l f\u00fcgg\u0151en \u00e1ltal\u00e1ban 1-5 munkanapba telik, m\u00edg a visszat\u00e9r\u00edt\u00e9sek megjelennek a banksz\u00e1ml\u00e1don.<\/li>\n<\/ul>\n<h4>Csere<\/h4>\n<p>Ig\u00e9ny eset\u00e9n van lehet\u0151s\u00e9g kicser\u00e9lni a term\u00e9keket; k\u00e9rj\u00fck, k\u00fcldd vissza a term\u00e9keket a fentebb tal\u00e1lhat\u00f3 inform\u00e1ci\u00f3k szerint.<\/p>\n","protected":false},"excerpt":{"rendered":"<p>Visszak\u00fcld\u00e9s Ha b\u00e1rmilyen okb\u00f3l nem vagy el\u00e9gedett a megrendel\u00e9ssel, akkor k\u00f6lts\u00e9gvisszat\u00e9r\u00edt\u00e9s \u00e9rdek\u00e9ben visszak\u00fcldheted. A visszak\u00fcld\u00e9st a megrendel\u00e9s k\u00e9zhezv\u00e9tel\u00e9t k\u00f6vet\u0151 14 napon bel\u00fcl regisztr\u00e1lni kell \u00e9s k\u00e9sdelem n\u00e9lk\u00fcl, de legk\u00e9s\u0151bb a\u00a0visszak\u00fcld\u00e9s regisztr\u00e1ci\u00f3j\u00e1t k\u00f6vet\u0151 14 napon bel\u00fcl vissza kell k\u00fcldened a term\u00e9keket nek\u00fcnk. A visszak\u00fcld\u00e9si folyamat elind\u00edt\u00e1s\u00e1hoz az al\u00e1bbiakat kell tenned: A csomagban tal\u00e1lhat\u00f3 visszak\u00fcld\u00e9sre vonatkoz\u00f3 inform\u00e1ci\u00f3k [&hellip;]<\/p>\n","protected":false},"author":1,"featured_media":0,"parent":0,"menu_order":0,"comment_status":"closed","ping_status":"closed","template":"","meta":{"footnotes":""},"class_list":["post-4929","page","type-page","status-publish","hentry"],"_links":{"self":[{"href":"https:\/\/bmwelvfault.com\/index.php?rest_route=\/wp\/v2\/pages\/4929","targetHints":{"allow":["GET"]}}],"collection":[{"href":"https:\/\/bmwelvfault.com\/index.php?rest_route=\/wp\/v2\/pages"}],"about":[{"href":"https:\/\/bmwelvfault.com\/index.php?rest_route=\/wp\/v2\/types\/page"}],"author":[{"embeddable":true,"href":"https:\/\/bmwelvfault.com\/index.php?rest_route=\/wp\/v2\/users\/1"}],"replies":[{"embeddable":true,"href":"https:\/\/bmwelvfault.com\/index.php?rest_route=%2Fwp%2Fv2%2Fcomments&post=4929"}],"version-history":[{"count":2,"href":"https:\/\/bmwelvfault.com\/index.php?rest_route=\/wp\/v2\/pages\/4929\/revisions"}],"predecessor-version":[{"id":4942,"href":"https:\/\/bmwelvfault.com\/index.php?rest_route=\/wp\/v2\/pages\/4929\/revisions\/4942"}],"wp:attachment":[{"href":"https:\/\/bmwelvfault.com\/index.php?rest_route=%2Fwp%2Fv2%2Fmedia&parent=4929"}],"curies":[{"name":"wp","href":"https:\/\/api.w.org\/{rel}","templated":true}]}}