{"id":4116,"date":"2024-01-07T13:57:18","date_gmt":"2024-01-07T12:57:18","guid":{"rendered":"https:\/\/bmwelvemulator.com\/?page_id=4116"},"modified":"2024-11-25T18:38:11","modified_gmt":"2024-11-25T17:38:11","slug":"vasarloi-velemenyek","status":"publish","type":"page","link":"https:\/\/bmwelvfault.com\/?page_id=4116&lang=hu","title":{"rendered":"V\u00e1s\u00e1rl\u00f3i v\u00e9lem\u00e9nyek"},"content":{"rendered":"\nMost kaptam meg post\u00e1n a BMW ELV NULL\u00c1Z\u00d3 eszk\u00f6z\u00f6met \u00e9s emul\u00e1toromat. 100%-ban m\u0171k\u00f6d\u00f6tt, \u00e9s \u00fajra beindult az aut\u00f3m. Ez az eszk\u00f6z \u00e9letment\u0151 tes\u00f3! Takar\u00edtsd meg a vontat\u00e1si \u00e9s szerv\u00edz d\u00edjat. K\u00f6sz\u00f6n\u00f6m a gyors sz\u00e1ll\u00edt\u00e1st.\n<br><br>\nAz emul\u00e1tor meg\u00e9rkezett \u00e9s aut\u00f3ba van szerelve, k\u00f6sz\u00f6n\u00f6m sz\u00e9pen, t\u00f6k\u00e9letesen m\u0171k\u00f6dik. Nagyra \u00e9rt\u00e9kelj\u00fck, hogy gyorsan elk\u00fcldte, t\u00f6k\u00e9letes id\u0151z\u00edt\u00e9s, amikor h\u00e9tf\u0151ig kell rendberakni az aut\u00f3t. Remek term\u00e9k.\n<br><br>\nP\u00e9lda\u00e9rt\u00e9k\u0171 elad\u00f3&#8230; A term\u00e9k t\u00f6k\u00e9letesen m\u0171k\u00f6d\u00f6tt \u00e9s nagyon gyorsan meg\u00e9rkezett! A haszn\u00e1lat\u00e1t megfelel\u0151en r\u00e9szletesen elmagyar\u00e1zt\u00e1k a mell\u00e9kelt \u00fatmutat\u00f3ban. Hirtelen lerobbant az \u00e1tkozott Bmw E60 egy\u00e1ltal\u00e1n nem tudtam beind\u00edtani. Ben\u00e9ztem a korm\u00e1ny al\u00e1, kicsavaroztam a panelt a csatlakoz\u00e1st megtal\u00e1lva, az alkatr\u00e9szt felszereltem&#8230; Azonnal beindult \ud83d\ude42 Nagyon aj\u00e1nlom ezt az elad\u00f3t aki \u00edgy \u00fczletel. A BMW m\u00e1rkakeresked\u00e9s ki akarta venni a korm\u00e1nym\u0171vet, \u00e9s kital\u00e1lni egy hossz\u00fa t\u00f6rt\u00e9netet, na, ez nem t\u00f6rt\u00e9nik meg&#8230; V\u00e1s\u00e1rolj innen!\n<br><br>\nNos, miut\u00e1n elvittem a BMW-met a m\u00e1rkaszervizbe a korm\u00e1nyker\u00e9k \u00e9s lakat ikon miatt, azt mondt\u00e1k, hogy ez a cas, \u00e9s 250 ezerbe fog ker\u00fclni a jav\u00edt\u00e1s. R\u00f6viden: megtal\u00e1ltuk ezt a k\u00fcty\u00fct, a NULL\u00c1Z\u00d3 azonnal kinyitotta az aut\u00f3mat a fiam az utas\u00edt\u00e1s szerint ledobta a korm\u00e1nyoszlop burkolatot, az emul\u00e1tor csatlakoz\u00f3t \u00f6sszek\u00f6t\u00f6tte! A bmw m\u00e1rkakeresked\u00e9sben elpazarolt 100ezer forint ut\u00e1n ez megoldotta a probl\u00e9m\u00e1t! Nagyon h\u00e1l\u00e1s vagyok! K\u00f6sz\u00f6n\u00f6m\n<br><br>\nHell\u00f3! Most kaptam meg a k\u00e9t megrendelt t\u00e9telemet, az emul\u00e1tort \u00e9s az ELV NUL\u00c1Z\u00d3 eszk\u00f6zt. \u00d6r\u00f6mmel mondhatom, hogy a NULL\u00c1Z\u00d3 eszk\u00f6z megoldotta a probl\u00e9m\u00e1mat, \u00e9s lehet\u0151v\u00e9 tette, hogy \u00fajraind\u00edtsam az aut\u00f3t! Most m\u00e1r tudok vezetni \u00e9s mindent a szok\u00e1sos m\u00f3don csin\u00e1lok, amit nagyon k\u00f6sz\u00f6n\u00f6k!\n<br><br>\nAz aut\u00f3m nem indult \u00e9s nem csin\u00e1lt semmit. A korm\u00e1ny le volt z\u00e1rva, \u00e9s ez kinyitotta. Felold\u00e1s ut\u00e1n a hely\u00e9re helyeztem a modult, \u00e9s nem volt probl\u00e9ma. K\u00f6sz\u00f6n\u00f6m sz\u00e9pen. Minden fill\u00e9rt meg\u00e9r ahhoz k\u00e9pest, mintha az eg\u00e9sz korm\u00e1nyoszlopot cser\u00e9lni kellene.\n<br><br>\nKiv\u00e1l\u00f3 term\u00e9k, vagyonokat sp\u00f3roltunk meg a BMW \u00e1ltal felsz\u00e1m\u00edtott k\u00f6lts\u00e9ggel szemben, a folyamat sim\u00e1n megy, ha k\u00f6veti az utas\u00edt\u00e1sokat, nagy k\u00f6sz\u00f6net P\u00e9ternek a tud\u00e1s\u00e1\u00e9rt \u00e9s a t\u00fcrelm\u00e9\u00e9rt, az 5 csillagos tapasztalat\u00e9rt\n<br><br>\nMegrendeltem az ELV hibasz\u00e1ml\u00e1l\u00f3 NULL\u00c1Z\u00d3-t, \u00e9s t\u00f6k\u00e9letesen m\u0171k\u00f6dik. A haszn\u00e1lat meglehet\u0151sen egyszer\u0171 volt, \u00e9s a kijelz\u0151n a hiba azonnal elt\u0171nik. K\u00f6sz\u00f6n\u00f6m sz\u00e9pen, remek m\u00e9rn\u00f6ki munka!\n<br><br>\nId\u0151ben \u00e9rkezett, az aut\u00f3m 2 h\u00f3napig rendszeresen le\u00e1llt, n\u00e9ha nem oldott fel a korm\u00e1nyz\u00e1r, nem indult, majd v\u00e9gleg megadta mag\u00e1t. Csatlakoztattam ezt az emul\u00e1tort \u00e9s BAM! Az aut\u00f3, amint megnyomtam az ind\u00edt\u00f3gombot, azonnal elindult. \u00c1ltal\u00e1ban szkeptikus vagyok az internetes elektronik\u00e1val kapcsolatban, de ez nekem bev\u00e1lt.\n<br><br>\nA korm\u00e1nykerekem le volt z\u00e1rva. Azt hittem, hogy csak az akkumul\u00e1tor lemer\u00fclt, de azt hiszem, t\u00f6bb k\u00f6ze van a hib\u00e1hoz, \u00e9s r\u00e1bukkantam erre a term\u00e9kre, \u00e9s az, amit csin\u00e1lt, v\u00e9g\u00fcl megoldotta a probl\u00e9m\u00e1mat. K\u00f6sz\u00f6n\u00f6m sz\u00e9pen! Ez nagyszer\u0171. Ezt aj\u00e1nlom, ha neked is hasonl\u00f3 probl\u00e9m\u00e1d van, mint nekem!\n<br><br>\nJ\u00f3 napot! Csak szeretn\u00e9lek t\u00e1j\u00e9koztatni titeket, hogy siker\u00fclt megoldanom a BMW-m korm\u00e1nyz\u00e1r-probl\u00e9m\u00e1j\u00e1t! :)) Nagyon h\u00e1l\u00e1s vagyok nektek!!\nSz\u00edv\u00e9lyes \u00fcdv\u00f6zletem, Jer\u00f3nimo S\u00e1nchez.\n<br><br>\nAz \u00d6n emul\u00e1tora hib\u00e1tlanul m\u0171k\u00f6dik, ellent\u00e9tben egy m\u00e1sik emul\u00e1torral, amely csak n\u00e9h\u00e1ny h\u00f3napig m\u0171k\u00f6d\u00f6tt hib\u00e1s ind\u00edt\u00e1sokkal, am\u00edg a piros korm\u00e1nyz\u00e1r hiba ism\u00e9t \u00e1lland\u00f3an megjelent. Gratul\u00e1lok egy ilyen j\u00f3l megtervezett term\u00e9k l\u00e9trehoz\u00e1s\u00e1hoz, \u00e9s a tulajdonosok sz\u00e1zait, ha nem ezreit menti meg a leh\u00faz\u00f3s szervizekt\u0151l.\nA m\u00e1sik emul\u00e1tor probl\u00e9m\u00e1t okozott az aut\u00f3 szoftver\u00e9ben, ami megakad\u00e1lyozta a CAS-modul vissza\u00e1ll\u00edt\u00e1s\u00e1t. Hard-reset-et kellett v\u00e9grehajtanom az aut\u00f3 akkumul\u00e1tor\u00e1nak lev\u00e1laszt\u00e1s\u00e1val, \u00e9s csak ezut\u00e1n tudtam vissza\u00e1ll\u00edtani a CAS-t. Az itt kaphat\u00f3 emul\u00e1tor ezut\u00e1n azonnal \u00e9s t\u00f6k\u00e9letesen m\u0171k\u00f6d\u00f6tt.\n\u00dcdv Austen\n<br><br>\nKiv\u00e1l\u00f3 elad\u00f3, nagyszer\u0171 term\u00e9k, ma szereltem fel, \u00e9s azt csin\u00e1lja, amit kell.\n<br><br>\nA le\u00edr\u00e1s alapj\u00e1n m\u0171k\u00f6dik \u00e9s megsz\u00fcnteti az ELV hib\u00e1kat. Gyors sz\u00e1ll\u00edt\u00e1s. K\u00f6sz\u00f6n\u00f6m.\n<br><br>\nA bmw 320d e91-em az emul\u00e1tor csatlakoztat\u00e1sa ut\u00e1n gond n\u00e9lk\u00fcl elindult. Megsp\u00f3roltam azt az 1500 eur\u00f3t, amit BMW szerv\u00edzben akartak k\u00e9rni a teljes korm\u00e1nyoszlop cser\u00e9\u00e9rt. K\u00d6SZ\u00d6N\u00d6M\n<br><br>\nPontosan azt csin\u00e1lja, amit ig\u00e9r, null\u00e1ztam az R56 Mini korm\u00e1nyz\u00e1rat, \u00e9s megszabadultam az \u00e1lland\u00f3 figyelmeztet\u0151 l\u00e1mp\u00e1t\u00f3l.\n<br><br>\nZseni\u00e1lis \u00e1ru, gyors sz\u00e1ll\u00edt\u00e1s aj\u00e1nlom. Nagyon k\u00f6sz\u00f6n\u00f6m\n<br><br>\nZseni\u00e1lis \u00e1ru \u00e9s elad\u00f3. Vill\u00e1mgyors post\u00e1z\u00e1s. Nagyon k\u00f6sz\u00f6n\u00f6m +++\n<br><br>\nK\u00f6sz\u00f6n\u00f6m sz\u00e9pen t\u00f6k\u00e9letesen m\u0171k\u00f6dik\n<br><br>\nKedves csapat\nCsak meg akartam k\u00f6sz\u00f6nni mindenkinek a seg\u00edts\u00e9get.\n\u00d6r\u00f6mmel jelenthetem, hogy a Mini R55-\u00f6m \u00fajra \u00fczemel\nK\u00f6sz\u00f6n\u00f6m a gyors int\u00e9zked\u00e9s\u00e9t a hibasz\u00e1ml\u00e1l\u00f3 Null\u00e1z\u00f3 eszk\u00f6z kisz\u00e1ll\u00edt\u00e1sa sor\u00e1n, nagyon nagyra \u00e9rt\u00e9kelem, \u00e9s minden bizonnyal aj\u00e1nlani fogom, k\u00f6sz\u00f6n\u00f6m m\u00e9g egyszer\nJ\u00f3 h\u00e9tv\u00e9g\u00e9t\n\u00dcdv\u00f6zlettel\nPaul Milln\n<br><br>\nCsak annyit, hogy a le\u00edrtak szerint m\u0171k\u00f6d\u00f6tt. Csak egy megjegyz\u00e9s a j\u00f6v\u0151beli v\u00e1s\u00e1rl\u00f3k sz\u00e1m\u00e1ra.\n<br><br>\nCsak azt akarom mondani, hogy rockszt\u00e1rok vagyok, \u00e9s nagyon h\u00e1l\u00e1s vagyok, hogy l\u00e9tezik a c\u00e9g. M\u00e9g egy sz\u00e1m\u00edt\u00f3g\u00e9pet \u00e9s k\u00e1belt is v\u00e1s\u00e1roltam, hogy megpr\u00f3b\u00e1ljak mindent feloldani, ha ez nem m\u0171k\u00f6dne, de az els\u0151 pr\u00f3b\u00e1lkoz\u00e1sra hib\u00e1tlanul m\u0171k\u00f6d\u00f6tt, \u00e9s megk\u00edm\u00e9ltem magam att\u00f3l, hogy napokon \u00e1t kelljen megtanulnom a k\u00f3dol\u00e1st. Nagyon k\u00f6sz\u00f6n\u00f6m sr\u00e1cok, hogy visszaadt\u00e1tok az aut\u00f3mat, \u00e9s egy kicsit megk\u00f6nny\u00edtett\u00e9k a dolgunkat ezeken a probl\u00e9m\u00e1s aut\u00f3kon. Vigy\u00e1zzatok magatokra, \u00e9s csak \u00edgy tov\u00e1bb.\n<br><br>\nFantasztikus term\u00e9k \u00e9s nagyszer\u0171 t\u00e1mogat\u00e1s \u00e9s kommunik\u00e1ci\u00f3. Ez az egyetlen plug and play, amit tal\u00e1ltam, mivel a hibasz\u00e1ml\u00e1l\u00f3 Null\u00e1z\u00f3 eszk\u00f6z felt\u00e9tlen\u00fcl sz\u00fcks\u00e9ges volt sz\u00e1momra, \u00e9s gyan\u00edtom, hogy sok m\u00e1s v\u00e1s\u00e1rl\u00f3 sz\u00e1m\u00e1ra is, akik esetleg nem vizsg\u00e1lt\u00e1k meg alaposan a probl\u00e9ma k\u00f6r\u00fclm\u00e9nyeit. A BMW gy\u00e1ri szoftver\u00e9t \u00e9s egy laptopot haszn\u00e1ltam az ELV vissza\u00e1ll\u00edt\u00e1s\u00e1hoz, ez a hibasz\u00e1ml\u00e1l\u00f3 Null\u00e1z\u00f3 eszk\u00f6z v\u00e9get vetett ennek az eg\u00e9sznek, \u00e9s m\u00e1sodpercek alatt befejezi a munk\u00e1t. Nem lehet el\u00e9g er\u0151sen aj\u00e1nlani.\n<br><br>\nHadd mondjam el, hogy a hibasz\u00e1ml\u00e1l\u00f3 Null\u00e1z\u00f3 eszk\u00f6z nagyszer\u0171, \u00e9s t\u00f6k\u00e9letesen m\u0171k\u00f6dik az ELV-sz\u00e1ml\u00e1l\u00f3 null\u00e1z\u00e1s\u00e1ra. Rengeteg id\u0151t takar\u00edt meg, az ESTA + laptophoz k\u00e9pest \u2013 k\u00f6sz\u00f6n\u00f6m.\n<br><br>\nRemek elad\u00f3, kiv\u00e1ll\u00f3 kommunik\u00e1ci\u00f3 \u00e9s egy nagyszer\u0171 term\u00e9k, amellyel t\u00f6bb mint 400 GBP-t sp\u00f3roltam meg a szerv\u00edzk\u00f6lts\u00e9geken a probl\u00e9ma megold\u00e1sa \u00e9rdek\u00e9ben. Nagyon aj\u00e1nlom ezt az elad\u00f3t. 5 csillag.\n<br><br>\nTeljesen csod\u00e1latos, kor\u00e1bban rendeltem 2 emul\u00e1tort egy m\u00e1sik c\u00e9gt\u0151l, egyik sem m\u0171k\u00f6d\u00f6tt. Megvettem ezt, \u00e9s azonnal m\u0171k\u00f6d\u00f6tt. Ne haszn\u00e1ljon m\u00e1s c\u00e9get ezeken a sr\u00e1cokon k\u00edv\u00fcl. M\u00e1snapi, nagyon gyors sz\u00e1ll\u00edt\u00e1s.\n<br><br>\nHa ez a probl\u00e9ma, vegye meg. Ez val\u00f3ban megold\u00e1st jelent. B\u00e1rcsak hamarabb megtal\u00e1ltam volna.\n<br><br>\nSiker ! Az aut\u00f3 elindul \u00e9s \u00fagy megy ahogy kell. K\u00f6sz\u00f6n\u00f6m sz\u00e9pen a seg\u00edts\u00e9get \u00e9s a tan\u00e1csot.\n5 csillagos \u00e9rt\u00e9kel\u00e9s!.\n<br><br>\nGyors sz\u00e1ll\u00edt\u00e1s ig\u00e9nyes csomagol\u00e1s. Kicsit fura volt, hogy beragadt a csatlakoz\u00f3, \u00edgy fejjel lefel\u00e9 kellett hadon\u00e1sznom a m\u0171szerfal alatt, hogy szabadd\u00e1 tegyem a csatlakoz\u00f3t, \u00e9s nem vagyok kicsi. Am\u00fagy az emul\u00e1tor j\u00f3l emul\u00e1l, van rajta egy led l\u00e1mpa, ami mutatja a m\u0171k\u00f6d\u00e9s\u00e9t, z\u00f6ld, feh\u00e9r \u00e9s piros \u00e9s a motor beindul. Nem tudtam kit\u00f6r\u00f6lni a kritikus hibajelz\u0151 l\u00e1mp\u00e1t a saj\u00e1t diagnosztikai eszk\u00f6z\u00f6mmel, ez\u00e9rt megrendeltem az obd plug and play hibasz\u00e1ml\u00e1l\u00f3 Null\u00e1z\u00f3t is, mivel m\u00e1sk\u00fcl\u00f6nben nem tudtam az aut\u00f3t elind\u00edtani. Remek k\u00e9szlet, a le\u00edrtak szerint m\u0171k\u00f6dik. Sz\u00e9p darab.\n<br><br>\nRemek elad\u00f3, gyors v\u00e1laszokkal! Seg\u00edtett beind\u00edtani az aut\u00f3mat, ami h\u00f3napok \u00f3ta nem indult el. A term\u00e9k a le\u00edrtak szerint m\u0171k\u00f6dik, \u00e9s nem aj\u00e1nlhatok senki m\u00e1st, mint ezt az elad\u00f3t az Elv emul\u00e1torokhoz.\n<br><br>\nMilyen csod\u00e1latos term\u00e9k. Szkeptikus voltam, hogy ez az eszk\u00f6z m\u0171k\u00f6dni fog, de csod\u00e1latos eredm\u00e9nyt \u00e9rtem el!!!\n<br><br>\nEzek az eszk\u00f6z\u00f6k t\u00f6k\u00e9letesen m\u0171k\u00f6dtek. Az \u00e9n esetemben volt figyelmeztet\u0151 jelz\u00e9s, de az ELV tov\u00e1bbra is m\u0171k\u00f6d\u00f6tt, \u00e9s be tudtam ind\u00edtani a motort. A telep\u00edt\u00e9si elj\u00e1r\u00e1s nagyon egyszer\u0171. A &#8220;Null\u00e1z\u00f3&#8221;-t haszn\u00e1ltam, \u00e9s a hibajelz\u00e9s elt\u0171nt. Nagyon el\u00e9gedett vagyok ezekkel az eszk\u00f6z\u00f6kkel.\n<br><br>\nJ\u00f3 napot.\n  Ma kaptam meg a Null\u00e1z\u00f3 eszk\u00f6zt, tov\u00e1bbi id\u0151 pazarl\u00e1sa n\u00e9lk\u00fcl bedugtam az aut\u00f3ba. 5 percen bel\u00fcl az eg\u00e9sz aut\u00f3 rendszere vissza\u00e1llt, \u00e9s k\u00f6nnyed\u00e9n beind\u00edthattam az aut\u00f3t.\n  \u00d3ri\u00e1si munk\u00e1t v\u00e9geztek az emul\u00e1tor \u00e9s a Null\u00e1z\u00f3 eszk\u00f6z l\u00e9trehoz\u00e1s\u00e1val. Nagyon nagyra \u00e9rt\u00e9kelem, \u00e9s megmentette a napomat!\n  Csod\u00e1latos sr\u00e1cok! K\u00f6sz\u00f6n\u00f6m!\n<br><br>\nTeljesen t\u00f6k\u00e9letes . Nincs t\u00f6bb probl\u00e9ma. H\u00fa nagyon j\u00f3. Bmw okleveles technikusnak \u00e9rzem magam!\n<br><br>\nKiv\u00e1l\u00f3 min\u0151s\u00e9g\u0171 term\u00e9k a le\u00edr\u00e1snak megfelel\u0151en, nagyon hasznos volt a vide\u00f3 a telep\u00edt\u00e9sben \u00e9s a be\u00fczemel\u00e9sben. Nagyon el\u00e9gedett vagyok.\n<br><br>\nTeljesen zseni\u00e1lis els\u0151 oszt\u00e1ly\u00fa darab\n<br><br>\nA munk\u00e1t a le\u00edrtak szerint v\u00e9gezte.\n<br><br>\nT\u00f6k\u00e9letesen m\u0171k\u00f6d\u00f6tt \u00e9s kor\u00e1n meg\u00e9rkezett.\n<br><br>\nKiv\u00e1l\u00f3 min\u0151s\u00e9g\u0171 alkatr\u00e9sz. A telep\u00edt\u00e9s egyszer\u0171 volt. Biztosan rendeln\u00e9k m\u00e9g t\u0151l\u00fck. Remek kommunik\u00e1ci\u00f3!\n<br><br>\nZseni\u00e1lis term\u00e9k &#8211; tette a dolg\u00e1t!\n<br><br>\nN\u00e9h\u00e1ny hete megv\u00e1s\u00e1roltam a Reset Module-t \u00e9s az Emulator-t is, valamivel t\u00f6bb mint egy h\u00e9t alatt meg\u00e9rkezett az Egyes\u00fclt Kir\u00e1lys\u00e1gb\u00f3l Kaliforni\u00e1ba. A Null\u00e1z\u00f3 modullal kellett vissza\u00e1ll\u00edtani a korm\u00e1nyz\u00e1r hibasz\u00e1ml\u00e1l\u00f3j\u00e1t, ezt k\u00f6r\u00fclbel\u00fcl 30 m\u00e1sodperc alatt megoldotta. Helyezze be a kulcsot a gy\u00fajt\u00e1sba > Nyomja meg a gombot az aut\u00f3 bekapcsol\u00e1s\u00e1hoz > Dugja be a Null\u00e1z\u00f3 modult > V\u00e1rjon > A hiba megsz\u0171nt > Az aut\u00f3 teljesen elindul \u00e9s haszn\u00e1lhat\u00f3. A vide\u00f3ban l\u00e1that\u00f3 hiba az akkumul\u00e1tor cser\u00e9je ut\u00e1n kezd\u0151d\u00f6tt a 2007-es 328i szed\u00e1non. Tov\u00e1bbra is k\u00e9pes volt elindulni, \u00e9s n\u00e9h\u00e1ny h\u00e9tig tudtam vezetni probl\u00e9ma n\u00e9lk\u00fcl, de a hiba tov\u00e1bbra is mindig megjelent a m\u0171szerfalon. Felt\u00e9telezem, hogy menet k\u00f6zben lassan n\u00f6vekedett a hibasz\u00e1ml\u00e1l\u00f3, m\u00edgnem p\u00e1r h\u00e9t eltelt\u00e9vel amikor munk\u00e1ba indultam, m\u00e1r nem indult aut\u00f3, csak a fed\u00e9lzeti elektronika kapcsol\u00f3dott be (gombnyom\u00e1s &#8211; f\u00e9nysz\u00f3r\u00f3, r\u00e1di\u00f3 , infotainment rendszer stb.) Azt hittem, hogy akkumul\u00e1torprobl\u00e9ma, mivel ez volt az egyetlen v\u00e1ltoz\u00e1s, ez\u00e9rt megpr\u00f3b\u00e1ltam bebik\u00e1zni \u00e9s egy m\u00e1sik akkumul\u00e1tort behelyezni, de sikertelen\u00fcl. Pr\u00f3b\u00e1lkoztam a biztos\u00edt\u00e9kdobozzal is, de az sem m\u0171k\u00f6d\u00f6tt. Eleinte nem gondoltam, hogy a korm\u00e1nyz\u00e1r hib\u00e1ja volt a gond, hiszen m\u00e9g tudtam vezetni, de k\u00e9s\u0151bb \u00e9szrevettem, hogy a kulcs berak\u00e1sakor nem hallatszott a korm\u00e1nyb\u00f3l olyan kattan\u00e1s, mint \u00e1ltal\u00e1ban. \u00cdgy azt\u00e1n ut\u00e1nan\u00e9ztem a piros korm\u00e1nyz\u00e1r hib\u00e1nak \u00e9s azt olvastam, hogy bizonyos sz\u00e1m\u00fa pr\u00f3b\u00e1lkoz\u00e1s ut\u00e1n a korm\u00e1ny leblokkol \u00e9s a motor nem indul. Sz\u00e1mos f\u00f3rumon olvastam, hogy meg kell v\u00e1s\u00e1rolni egy OBD-k\u00e1belt, amely csatlakozik a laptophoz, majd tov\u00e1bbi szoftvereket kell let\u00f6lteni a BMW hib\u00e1k diagnosztiz\u00e1l\u00e1s\u00e1hoz \u00e9s k\u00f3dol\u00e1s\u00e1hoz. Nem igaz\u00e1n vagyok j\u00e1rtas a technol\u00f3gi\u00e1ban, ez\u00e9rt ezt nem akartam megtenni. Szerencs\u00e9re r\u00e1akadtam erre a vide\u00f3ra, \u00e9s \u00fagy d\u00f6nt\u00f6ttem, hogy megkock\u00e1ztatom, \u00e9s kipr\u00f3b\u00e1lom (kb. 150 USD volt a k\u00e9t eszk\u00f6z egy\u00fctt), \u00e9s szerencs\u00e9re \u00fagy m\u0171k\u00f6d\u00f6tt, mint egy var\u00e1zslat. Az \u00e9n helyzetemben csak a Null\u00e1z\u00f3 modulra volt sz\u00fcks\u00e9gem. A lehets\u00e9ges k\u00f6vetkez\u0151 l\u00e9p\u00e9seim az \u00f6nind\u00edt\u00f3 \u00e9s a gener\u00e1tor lettek volna, de k\u00e9ts\u00e9geim voltak ezzel kapcsolatban, mivel kezdetben j\u00f3l m\u0171k\u00f6dtek. H\u00e1la istennek, a Null\u00e1z\u00f3 modul\u00e9rt, ami t\u00f6bb ezer doll\u00e1rt takar\u00edtott meg, ahhoz k\u00e9pest mintha mindk\u00e9t alkatr\u00e9szt kicser\u00e9ltem volna, ami egy\u00e9bk\u00e9nt sem oldotta volna meg a probl\u00e9m\u00e1t. Keresse fel a https:\/\/bmwelvfault.com\/ weboldalt a val\u00f3ban m\u0171k\u00f6d\u0151 term\u00e9kek\u00e9rt \u00e9s a gyors sz\u00e1ll\u00edt\u00e1s\u00e9rt. Egyszer\u0171en haszn\u00e1lhat\u00f3, \u00e9s gyorsan kijav\u00edtottam a korm\u00e1nyz\u00e1r hib\u00e1mat. K\u00f6sz\u00f6n\u00f6m, hogy megmentett\u00e9tek az aut\u00f3mat \u00e9s a p\u00e9nzemet! Megjegyz\u00e9s: Ez egy val\u00f3s teszt, nem hamis vagy fizetett v\u00e9lem\u00e9ny. Csak meg akartam osztani a tapasztalataimat, hogy megnyugtassam az emberek elm\u00e9j\u00e9t, ha valaki szkeptikus. Tov\u00e1bb\u00e1 azt mondom, hogy ez 100%-ban megoldja az probl\u00e9m\u00e1t, \u00e9s a term\u00e9kek m\u0171k\u00f6dnek. K\u00f6sz\u00f6n\u00f6m \u00e9s vigy\u00e1zzatok magatokra sr\u00e1cok. Sok szerencs\u00e9t!\n<br><br>\nMegmentette a napomat, a mini r56 visszat\u00e9rt az utakra.\n<br><br>\nKiv\u00e1l\u00f3 t\u00e9tel. T\u00f6k\u00e9letesen m\u0171k\u00f6d\u00f6tt\n<br><br>\nH\u00e9 sr\u00e1cok, remek k\u00e9sz\u00fcl\u00e9k, m\u0171k\u00f6dik! Nagyon k\u00f6sz\u00f6n\u00f6m.\n<br><br>\nPontosan azt tette, amit \u00edrnak! Sz\u00f3 szerint \u00fajra beindult a BMW-m, miut\u00e1n h\u00f3napokig nem tudtam bekapcsolni.\n<br><br>\nEz a dolog sz\u00f3 szerint olyan, mint a var\u00e1zslat! Elk\u00e9peszt\u0151!\n<br><br>\nEz a kis k\u00fcty\u00fc sz\u00e1zezreket sp\u00f3rolt meg ahhoz k\u00e9pest, hogy szakemberhez fordultam volna, vagy egy keresked\u0151h\u00f6z, aki majdnem annyit akart fizettetni, amennyit az aut\u00f3 \u00e9r!\n<br><br>\nTres bon produit a elimin\u00e9 le code d&#8217;erreur (Nagyon j\u00f3 term\u00e9k, a hibak\u00f3d megsz\u0171nt)\n<br><br>\nMa megkaptam a KIT-et. Telep\u00edtettem \u00e9s a Bimmer E91 ELV probl\u00e9ma megold\u00f3dott!\n<br><br>\nNagyon okos dolog\nRengeteg p\u00e9nzt \u00e9s energi\u00e1t takar\u00edtott meg\n<br><br>\nMa megkaptam a Null\u00e1z\u00f3 modult \u00e9s az emul\u00e1tort, ma d\u00e9lut\u00e1n csatlakoztattam. Mind\u00f6ssze 30 m\u00e1sodpercbe telt a korm\u00e1nyz\u00e1r hiba vissza\u00e1ll\u00edt\u00e1sa, k\u00f6sz\u00f6n\u00f6m, j\u00f3 munk\u00e1t v\u00e9geztek.\n<br><br>\nGyors sz\u00e1ll\u00edt\u00e1s.. Nagyon el\u00e9gedett vagyok.. Kiv\u00e1ll\u00f3an m\u0171k\u00f6d\u00f6tt a le\u00edrtak szerint. Nagyon sz\u00e9pen k\u00f6sz\u00f6nj\u00fck! Ezt a k\u00e9szletet minden korm\u00e1nyz\u00e1r hibak\u00f3ddal rendelkez\u0151 Bmw-hez\/minihez aj\u00e1nljuk.\n<br><br>\nEmber te vagy a legjobb! Mindent megtett amit \u00edrtatok. K\u00f6sz\u00f6n\u00f6m m\u00e9gegyszer.\n<br><br>\nMegjav\u00edtottam a 325d-t. Korm\u00e1nyz\u00e1r hib\u00e1s volt, 1 perc alatt rendezve.. nagyszer\u0171 szolg\u00e1ltat\u00e1s.\n<br><br>\nKiv\u00e1l\u00f3 term\u00e9k, javasoljuk, hogy v\u00e1s\u00e1rolja egy\u00fctt a Null\u00e1z\u00f3 eszk\u00f6zzel. K\u00f6r\u00fclbel\u00fcl 30 percet vesz ig\u00e9nybe a telep\u00edt\u00e9s, ha belesz\u00e1moljuk a 3 burkolat elt\u00e1vol\u00edt\u00e1s\u00e1t is. (a korm\u00e1nyoszlop teteje \u00e9s alja, valamint egy panel a korm\u00e1nyoszlopt\u00f3l jobbra, Mini R56)\n<br><br>\n<div class=\"video-container\">\n<iframe width=\"315\" height=\"560\"\nsrc=\"https:\/\/www.youtube.com\/embed\/sf0CHnUR_9A\"\ntitle=\"YouTube video player\"\nframeborder=\"0\"\nallow=\"accelerometer; autoplay; clipboard-write; encrypted-media; gyroscope; picture-in-picture; web-share\"\nallowfullscreen><\/iframe>\n<\/div>\n<br><br>\n","protected":false},"excerpt":{"rendered":"<p>Most kaptam meg post\u00e1n a BMW ELV NULL\u00c1Z\u00d3 eszk\u00f6z\u00f6met \u00e9s emul\u00e1toromat. 100%-ban m\u0171k\u00f6d\u00f6tt, \u00e9s \u00fajra beindult az aut\u00f3m. Ez az eszk\u00f6z \u00e9letment\u0151 tes\u00f3! Takar\u00edtsd meg a vontat\u00e1si \u00e9s szerv\u00edz d\u00edjat. K\u00f6sz\u00f6n\u00f6m a gyors sz\u00e1ll\u00edt\u00e1st. Az emul\u00e1tor meg\u00e9rkezett \u00e9s aut\u00f3ba van szerelve, k\u00f6sz\u00f6n\u00f6m sz\u00e9pen, t\u00f6k\u00e9letesen m\u0171k\u00f6dik. Nagyra \u00e9rt\u00e9kelj\u00fck, hogy gyorsan elk\u00fcldte, t\u00f6k\u00e9letes id\u0151z\u00edt\u00e9s, amikor h\u00e9tf\u0151ig kell [&hellip;]<\/p>\n","protected":false},"author":1,"featured_media":0,"parent":0,"menu_order":0,"comment_status":"closed","ping_status":"closed","template":"","meta":{"footnotes":""},"class_list":["post-4116","page","type-page","status-publish","hentry"],"_links":{"self":[{"href":"https:\/\/bmwelvfault.com\/index.php?rest_route=\/wp\/v2\/pages\/4116","targetHints":{"allow":["GET"]}}],"collection":[{"href":"https:\/\/bmwelvfault.com\/index.php?rest_route=\/wp\/v2\/pages"}],"about":[{"href":"https:\/\/bmwelvfault.com\/index.php?rest_route=\/wp\/v2\/types\/page"}],"author":[{"embeddable":true,"href":"https:\/\/bmwelvfault.com\/index.php?rest_route=\/wp\/v2\/users\/1"}],"replies":[{"embeddable":true,"href":"https:\/\/bmwelvfault.com\/index.php?rest_route=%2Fwp%2Fv2%2Fcomments&post=4116"}],"version-history":[{"count":19,"href":"https:\/\/bmwelvfault.com\/index.php?rest_route=\/wp\/v2\/pages\/4116\/revisions"}],"predecessor-version":[{"id":5372,"href":"https:\/\/bmwelvfault.com\/index.php?rest_route=\/wp\/v2\/pages\/4116\/revisions\/5372"}],"wp:attachment":[{"href":"https:\/\/bmwelvfault.com\/index.php?rest_route=%2Fwp%2Fv2%2Fmedia&parent=4116"}],"curies":[{"name":"wp","href":"https:\/\/api.w.org\/{rel}","templated":true}]}}