{"id":3270,"date":"2023-06-20T21:53:09","date_gmt":"2023-06-20T19:53:09","guid":{"rendered":"https:\/\/bmwelvemulator.com\/?page_id=3270"},"modified":"2023-10-17T23:56:48","modified_gmt":"2023-10-17T21:56:48","slug":"fragen-und-antworten","status":"publish","type":"page","link":"https:\/\/bmwelvfault.com\/?page_id=3270&lang=de","title":{"rendered":"Fragen und Antworten"},"content":{"rendered":"\n<h2>Funktioniert es, wenn die St\u00f6rungsleuchte des Lenkschlosses leuchtet und der Motor nicht startet?<\/h2>\n<p>Ja, nat\u00fcrlich. Wenn sich Ihr Auto bereits in einem Nicht-Start-Kurbelzustand befindet, sind der Emulator und das RESET-Tool zusammen die perfekte L\u00f6sung f\u00fcr Sie.<\/p>\n<h2>Meine ELV ist derzeit gesperrt. Wird das RESET-Tool es entsperren, bevor es den Emulator anschlie\u00dft?<\/h2>\n<p>Ja, nat\u00fcrlich entsperrt das RESET-Tool automatisch Ihre ELV, und dann k\u00f6nnen Sie den Emulator anschlie\u00dfen.<\/p>\n<h2>Ist es notwendig, den urspr\u00fcnglichen Lenkschlossmechanismus nach dem Einbau des Emulators zu entfernen?<\/h2>\n<p>Nein. Es ist absolut sicher, den urspr\u00fcnglichen Verriegelungsmechanismus an Ort und Stelle zu lassen, da ein Federmechanismus das Lenkschloss in einer entriegelten Position sichert. Trotz urbaner Legenden wird es nie versehentlich gesperrt.<\/p>\n<h2>Kann ich das RESET-Tool mehrmals verwenden?<\/h2>\n<p>Ja, nat\u00fcrlich k\u00f6nnen Sie es so oft mit Ihrem Auto verwenden, wie Sie m\u00f6chten.<\/p>\n<h2>Ich habe eine andere Art von Emulator installiert. Nichts ist passiert und mein Auto springt immer noch nicht an. Wird deine funktionieren?<\/h2>\n<p>Ja, nat\u00fcrlich. Unser Emulator und unser RESET-Tool l\u00f6sen das Problem immer, und Ihr Auto startet wieder.<\/p>\n<h2 id=\"anchor-led-de\">Sollte die LED am Emulator dauerhaft leuchten?<\/h2>\n<p>Es darf nicht dauerhaft leuchten!<br \/>\n-Nach erfolgreicher Entsperrung sollte die LED etwa eine halbe Sekunde lang gr\u00fcn blinken.<br \/>\n-Nach erfolgreicher Sperre sollte die LED etwa eine halbe Sekunde lang rot blinken.<br \/>\nWenn CAS nicht mit dem Emulator kommunizieren kann, muss die LED dreimal wei\u00df blinken (im Falle eines Kommunikationsfehlers).<br \/>\nWenn die LED \u00fcberhaupt nicht aufleuchtet, hat Ihr CAS dies bereits getan deaktiviert die Z\u00fcndung und die Entriegelung der Lenkung.<br \/>\nSie ben\u00f6tigen in diesem Fall unser RESET-Tool.<\/p>\n<h2>Ist der Stecker des ELV-Moduls immer schwarz?<\/h2>\n<p>Ja. Der Bremslichtschalterstecker hat eine \u00e4hnliche Form, aber eine wei\u00dfe Farbe. Schlie\u00dfen Sie den Emulator niemals an den wei\u00dfen Stecker an.<\/p>\n","protected":false},"excerpt":{"rendered":"<p>Funktioniert es, wenn die St\u00f6rungsleuchte des Lenkschlosses leuchtet und der Motor nicht startet? Ja, nat\u00fcrlich. Wenn sich Ihr Auto bereits in einem Nicht-Start-Kurbelzustand befindet, sind der Emulator und das RESET-Tool zusammen die perfekte L\u00f6sung f\u00fcr Sie. Meine ELV ist derzeit gesperrt. Wird das RESET-Tool es entsperren, bevor es den Emulator anschlie\u00dft? Ja, nat\u00fcrlich entsperrt das [&hellip;]<\/p>\n","protected":false},"author":1,"featured_media":0,"parent":0,"menu_order":0,"comment_status":"closed","ping_status":"open","template":"","meta":{"footnotes":""},"class_list":["post-3270","page","type-page","status-publish","hentry"],"_links":{"self":[{"href":"https:\/\/bmwelvfault.com\/index.php?rest_route=\/wp\/v2\/pages\/3270","targetHints":{"allow":["GET"]}}],"collection":[{"href":"https:\/\/bmwelvfault.com\/index.php?rest_route=\/wp\/v2\/pages"}],"about":[{"href":"https:\/\/bmwelvfault.com\/index.php?rest_route=\/wp\/v2\/types\/page"}],"author":[{"embeddable":true,"href":"https:\/\/bmwelvfault.com\/index.php?rest_route=\/wp\/v2\/users\/1"}],"replies":[{"embeddable":true,"href":"https:\/\/bmwelvfault.com\/index.php?rest_route=%2Fwp%2Fv2%2Fcomments&post=3270"}],"version-history":[{"count":3,"href":"https:\/\/bmwelvfault.com\/index.php?rest_route=\/wp\/v2\/pages\/3270\/revisions"}],"predecessor-version":[{"id":3734,"href":"https:\/\/bmwelvfault.com\/index.php?rest_route=\/wp\/v2\/pages\/3270\/revisions\/3734"}],"wp:attachment":[{"href":"https:\/\/bmwelvfault.com\/index.php?rest_route=%2Fwp%2Fv2%2Fmedia&parent=3270"}],"curies":[{"name":"wp","href":"https:\/\/api.w.org\/{rel}","templated":true}]}}