{"id":3258,"date":"2023-06-20T21:39:05","date_gmt":"2023-06-20T19:39:05","guid":{"rendered":"https:\/\/bmwelvemulator.com\/?page_id=3258"},"modified":"2023-06-20T21:41:04","modified_gmt":"2023-06-20T19:41:04","slug":"datenschutzpolitik","status":"publish","type":"page","link":"https:\/\/bmwelvfault.com\/?page_id=3258&lang=de","title":{"rendered":"Datenschutzpolitik"},"content":{"rendered":"\n<h2>Welche personenbezogenen Daten sammeln wir und warum sammeln wir sie?<\/h2>\n<p>Wir sammeln Informationen von Ihnen, wenn Sie eine Bestellung aufgeben oder ein Formular ausf\u00fcllen. Bei der Bestellung auf unserer Website werden Sie gegebenenfalls aufgefordert, Ihren Namen, Ihre E-Mail-Adresse, Ihre Postanschrift oder Ihre Telefonnummer einzugeben. Sie k\u00f6nnen unsere Website jedoch anonym besuchen.<\/p>\n<h2>Wie sch\u00fctzen wir Ihre Daten?<\/h2>\n<p>Alle Kundendaten sind vertraulich und werden nicht von Dritten verwendet.<\/p>\n<h2>Verwenden wir Cookies?<\/h2>\n<p>Ja (Cookies sind kleine Dateien, die eine Website oder ihr Dienstanbieter \u00fcber Ihren Webbrowser auf die Festplatte Ihres Computers \u00fcbertr\u00e4gt) (wenn Sie dies zulassen), die es den Websites oder den Systemen der Dienstanbieter erm\u00f6glichen, Ihren Browser zu erkennen und bestimmte Informationen zu erfassen und zu speichern.<br \/>\nWir verwenden Cookies, um uns die Artikel in Ihrem Warenkorb zu merken und zu verarbeiten.<br \/>\nWenn Sie m\u00f6chten, k\u00f6nnen Sie sich von Ihrem Computer jedes Mal warnen lassen, wenn ein Cookie gesendet wird, oder Sie k\u00f6nnen alle Cookies \u00fcber Ihre Browsereinstellungen deaktivieren. Wie die meisten Websites funktionieren einige unserer Dienste m\u00f6glicherweise nicht ordnungsgem\u00e4\u00df, wenn Sie Ihre Cookies deaktivieren!<\/p>\n<p>&nbsp;<\/p>\n<p class=\"blank\">&nbsp;<\/p>\n","protected":false},"excerpt":{"rendered":"<p>Welche personenbezogenen Daten sammeln wir und warum sammeln wir sie? Wir sammeln Informationen von Ihnen, wenn Sie eine Bestellung aufgeben oder ein Formular ausf\u00fcllen. Bei der Bestellung auf unserer Website werden Sie gegebenenfalls aufgefordert, Ihren Namen, Ihre E-Mail-Adresse, Ihre Postanschrift oder Ihre Telefonnummer einzugeben. Sie k\u00f6nnen unsere Website jedoch anonym besuchen. Wie sch\u00fctzen wir Ihre [&hellip;]<\/p>\n","protected":false},"author":1,"featured_media":0,"parent":0,"menu_order":0,"comment_status":"closed","ping_status":"open","template":"","meta":{"footnotes":""},"class_list":["post-3258","page","type-page","status-publish","hentry"],"_links":{"self":[{"href":"https:\/\/bmwelvfault.com\/index.php?rest_route=\/wp\/v2\/pages\/3258","targetHints":{"allow":["GET"]}}],"collection":[{"href":"https:\/\/bmwelvfault.com\/index.php?rest_route=\/wp\/v2\/pages"}],"about":[{"href":"https:\/\/bmwelvfault.com\/index.php?rest_route=\/wp\/v2\/types\/page"}],"author":[{"embeddable":true,"href":"https:\/\/bmwelvfault.com\/index.php?rest_route=\/wp\/v2\/users\/1"}],"replies":[{"embeddable":true,"href":"https:\/\/bmwelvfault.com\/index.php?rest_route=%2Fwp%2Fv2%2Fcomments&post=3258"}],"version-history":[{"count":3,"href":"https:\/\/bmwelvfault.com\/index.php?rest_route=\/wp\/v2\/pages\/3258\/revisions"}],"predecessor-version":[{"id":3263,"href":"https:\/\/bmwelvfault.com\/index.php?rest_route=\/wp\/v2\/pages\/3258\/revisions\/3263"}],"wp:attachment":[{"href":"https:\/\/bmwelvfault.com\/index.php?rest_route=%2Fwp%2Fv2%2Fmedia&parent=3258"}],"curies":[{"name":"wp","href":"https:\/\/api.w.org\/{rel}","templated":true}]}}