{"id":3247,"date":"2023-06-20T21:30:37","date_gmt":"2023-06-20T19:30:37","guid":{"rendered":"https:\/\/bmwelvemulator.com\/?page_id=3247"},"modified":"2023-06-20T21:36:11","modified_gmt":"2023-06-20T19:36:11","slug":"about-us-nemet","status":"publish","type":"page","link":"https:\/\/bmwelvfault.com\/?page_id=3247&lang=de","title":{"rendered":"\u00dcber uns"},"content":{"rendered":"\n<p>BmwElvEmulator.com wird von Car Diag Lab Ltd betrieben, einem in England und Wales registrierten Unternehmen (Firmennummer: 13434184).<\/p>\n<p>Sie k\u00f6nnen uns unter der E-Mail-Adresse info@bmwelvemulator.com kontaktieren oder uns eine Post senden an: 1 Foster Road, Peterborough, PE2 9RS, Gro\u00dfbritannien.<\/p>\n<p>Unser Unternehmen wurde gegr\u00fcndet, als mein Fehler beim elektronischen Lenkradschloss (ELV) des BMW e63 begann. Nat\u00fcrlich m\u00f6chte der H\u00e4ndler die gesamte Lenks\u00e4ule sofort ersetzen. Ich glaube, Sie wissen, wie viel das kostet. Das ist absolut nicht vern\u00fcnftig.<\/p>\n<p>An diesem Punkt begannen wir, nach der L\u00f6sung zu suchen. Nach einigen Recherchen haben wir festgestellt, dass es sich um einen h\u00e4ufigen Fehler in BMW E-Serien und MINIs handelt, die zwischen 2004 und 2014 hergestellt wurden. Vielleicht haben BMW-Ingenieure auch die Probleme mit diesen Modulen erkannt. Infolgedessen hat das BMW-Werk die weitere Installation dieser Module in den Modelljahren 2014 und sp\u00e4ter eingestellt.<\/p>\n<p>Sie haben jedoch keine L\u00f6sung f\u00fcr BMW- und Mini-Besitzer bereitgestellt, deren Autos bereits mit diesem fehlerhaften Modul ausgestattet sind. Es gab keinen Werksr\u00fcckruf und \u00fcberhaupt keine Hilfe.<\/p>\n<p>Wir haben an dieser Stelle erkl\u00e4rt, dass wir dasselbe tun k\u00f6nnen, wenn das BMW-Werk die Installation dieser Module seit 2014 eingestellt hat. Aber wenn Sie das ELV-Modul einfach vom Auto trennen, startet oder kurbelt es \u00fcberhaupt nicht. In diesem Moment wurde die Idee eines ELV-Emulators geboren und die Entwicklung begann.<\/p>\n<p>Wenn Sie sich in der gleichen Situation befinden, sind Sie am richtigen Ort. Wir haben dieses Ger\u00e4t bereits mit viel Arbeit und viel Tests entwickelt. Diese Geschichte war endlich ein Erfolg. Wir haben das Problem perfekt gel\u00f6st, und jetzt k\u00f6nnen wir auch Ihnen helfen.<\/p>\n<p>&nbsp;<\/p>\n<p class=\"blank\">&nbsp;<\/p>\n","protected":false},"excerpt":{"rendered":"<p>BmwElvEmulator.com wird von Car Diag Lab Ltd betrieben, einem in England und Wales registrierten Unternehmen (Firmennummer: 13434184). Sie k\u00f6nnen uns unter der E-Mail-Adresse info@bmwelvemulator.com kontaktieren oder uns eine Post senden an: 1 Foster Road, Peterborough, PE2 9RS, Gro\u00dfbritannien. Unser Unternehmen wurde gegr\u00fcndet, als mein Fehler beim elektronischen Lenkradschloss (ELV) des BMW e63 begann. Nat\u00fcrlich m\u00f6chte [&hellip;]<\/p>\n","protected":false},"author":1,"featured_media":0,"parent":0,"menu_order":0,"comment_status":"closed","ping_status":"open","template":"","meta":{"footnotes":""},"class_list":["post-3247","page","type-page","status-publish","hentry"],"_links":{"self":[{"href":"https:\/\/bmwelvfault.com\/index.php?rest_route=\/wp\/v2\/pages\/3247","targetHints":{"allow":["GET"]}}],"collection":[{"href":"https:\/\/bmwelvfault.com\/index.php?rest_route=\/wp\/v2\/pages"}],"about":[{"href":"https:\/\/bmwelvfault.com\/index.php?rest_route=\/wp\/v2\/types\/page"}],"author":[{"embeddable":true,"href":"https:\/\/bmwelvfault.com\/index.php?rest_route=\/wp\/v2\/users\/1"}],"replies":[{"embeddable":true,"href":"https:\/\/bmwelvfault.com\/index.php?rest_route=%2Fwp%2Fv2%2Fcomments&post=3247"}],"version-history":[{"count":4,"href":"https:\/\/bmwelvfault.com\/index.php?rest_route=\/wp\/v2\/pages\/3247\/revisions"}],"predecessor-version":[{"id":3257,"href":"https:\/\/bmwelvfault.com\/index.php?rest_route=\/wp\/v2\/pages\/3247\/revisions\/3257"}],"wp:attachment":[{"href":"https:\/\/bmwelvfault.com\/index.php?rest_route=%2Fwp%2Fv2%2Fmedia&parent=3247"}],"curies":[{"name":"wp","href":"https:\/\/api.w.org\/{rel}","templated":true}]}}