{"id":3221,"date":"2023-06-20T15:11:41","date_gmt":"2023-06-20T13:11:41","guid":{"rendered":"https:\/\/bmwelvemulator.com\/?page_id=3221"},"modified":"2025-05-19T19:15:34","modified_gmt":"2025-05-19T17:15:34","slug":"dfg","status":"publish","type":"page","link":"https:\/\/bmwelvfault.com\/?page_id=3221&lang=de","title":{"rendered":"Produkte"},"content":{"rendered":"<p><strong>Achtung! Ihr Zubeh\u00f6r sind selbst entwickelte Produkte. Wir sind nicht mit der Bayerischen Motoren Werke Aktiengesellschaft (BMW AG) verbunden. Die BMW AG fertigt und vertreibt kein Zubeh\u00f6r (au\u00dfer der kompletten Lenks\u00e4ule), das den Lenkschlossfehler behebt.<\/strong><\/p>\n\n<div class=\"flex-container1\">\n<div class=\"flexitem\">\n<div class=\"wp_cart_product_display_box\">\n<div class=\"wp_cart_product_thumbnail\"><a href=\"wp-content\/uploads\/2021\/04\/bmw-elv-emulator-v24-4pin-1.jpg\" data-rel=\"lightbox-image-0\" data-rl_title=\"\" data-rl_caption=\"\" title=\"\"><img loading=\"lazy\" decoding=\"async\" class=\"alignnone size-medium wp-image-170\" style=\"border: 1px solid #000000;\" src=\"wp-content\/uploads\/2021\/04\/bmw-elv-emulator-v24-4pin-1.jpg\" alt=\"\" width=\"300\" height=\"192\" \/><\/a><\/div>\n<div class=\"wp_cart_product_display_bottom\">\n<div class=\"wp_cart_product_name\">ELV Emulator 4-poliges f\u00fcr BMW &amp; MINI<\/div>\n<div class=\"wp_cart_product_description\">Kompatibel auch mit 3- und 4-poligen ELV-Modulen. (Pin4 bleibt getrennt, wenn Sie ein 3-poliges ELV-Modul haben)<\/div>\n<div class=\"wp_cart_product_price\">\u20ac36.99<\/div>\n<div class=\"wp_cart_button_wrapper\"><form method=\"post\" class=\"wp-cart-button-form\" action=\"\" style=\"display:inline\" onsubmit=\"return ReadForm(this, true);\" ><input type=\"hidden\" id=\"_wpnonce\" name=\"_wpnonce\" value=\"e45f4b6e71\" \/><input type=\"hidden\" name=\"_wp_http_referer\" value=\"\/index.php?rest_route=%2Fwp%2Fv2%2Fpages%2F3221\" \/><input type=\"submit\" class=\"wspsc_add_cart_submit\" name=\"wspsc_add_cart_submit\" value=\"Add to Cart\" \/><input type=\"hidden\" name=\"wspsc_product\" value=\"ELV Emulator 4-poliges f\u00fcr BMW &amp; MINI\" \/><input type=\"hidden\" name=\"price\" value=\"36.99\" \/><input type=\"hidden\" name=\"shipping\" value=\"0\" \/><input type=\"hidden\" name=\"addcart\" value=\"1\" \/><input type=\"hidden\" name=\"cartLink\" value=\"https:\/\/bmwelvfault.com:443\/index.php?rest_route=%2Fwp%2Fv2%2Fpages%2F3221\" \/><input type=\"hidden\" name=\"product_tmp\" value=\"ELV Emulator 4-poliges f\u00fcr BMW &amp; MINI\" \/><input type=\"hidden\" name=\"item_number\" value=\"SKU-11395\" \/><input type=\"hidden\" name=\"thumbnail\" value=\"https:\/\/bmwelvfault.com\/wp-content\/uploads\/2021\/04\/bmw-elv-emulator-v24-4pin-1.jpg\" \/><input type=\"hidden\" name=\"hash_one\" value=\"c37fb8cb77b0e845646dfa9a028d5e47\" \/><input type=\"hidden\" name=\"hash_two\" value=\"759870aa611666503fe29cc6d04f32ed\" \/><\/form><\/div>\n<\/div>\n<\/div>\n<\/div>\n<div class=\"flexitem\">\n<div class=\"wp_cart_product_display_box\">\n<div class=\"wp_cart_product_thumbnail\"><a href=\"wp-content\/uploads\/2021\/04\/bmw-elv-emulator-v24-3pin-1.jpg\" data-rel=\"lightbox-image-1\" data-rl_title=\"\" data-rl_caption=\"\" title=\"\"><img loading=\"lazy\" decoding=\"async\" class=\"alignnone size-medium wp-image-173\" style=\"border: 1px solid #000000;\" src=\"wp-content\/uploads\/2021\/04\/bmw-elv-emulator-v24-3pin-1.jpg\" alt=\"\" width=\"300\" height=\"224\" \/><\/a><\/div>\n<div class=\"wp_cart_product_display_bottom\">\n<div class=\"wp_cart_product_name\">ELV Emulator 3-poliges f\u00fcr BMW &amp; MINI<\/div>\n<div class=\"wp_cart_product_description\">Nur f\u00fcr 3-polige ELV-Module. (BMW 1 Serie bis 12\/2004)<\/div>\n<div class=\"wp_cart_product_price\">\u20ac41.99<\/div>\n<div class=\"wp_cart_button_wrapper\"><form method=\"post\" class=\"wp-cart-button-form\" action=\"\" style=\"display:inline\" onsubmit=\"return ReadForm(this, true);\" ><input type=\"hidden\" id=\"_wpnonce\" name=\"_wpnonce\" value=\"e45f4b6e71\" \/><input type=\"hidden\" name=\"_wp_http_referer\" value=\"\/index.php?rest_route=%2Fwp%2Fv2%2Fpages%2F3221\" \/><input type=\"submit\" class=\"wspsc_add_cart_submit\" name=\"wspsc_add_cart_submit\" value=\"Add to Cart\" \/><input type=\"hidden\" name=\"wspsc_product\" value=\"ELV Emulator 3-poliges f\u00fcr BMW &amp; MINI\" \/><input type=\"hidden\" name=\"price\" value=\"41.99\" \/><input type=\"hidden\" name=\"shipping\" value=\"0\" \/><input type=\"hidden\" name=\"addcart\" value=\"1\" \/><input type=\"hidden\" name=\"cartLink\" value=\"https:\/\/bmwelvfault.com:443\/index.php?rest_route=%2Fwp%2Fv2%2Fpages%2F3221\" \/><input type=\"hidden\" name=\"product_tmp\" value=\"ELV Emulator 3-poliges f\u00fcr BMW &amp; MINI\" \/><input type=\"hidden\" name=\"item_number\" value=\"SKU-11396\" \/><input type=\"hidden\" name=\"thumbnail\" value=\"https:\/\/bmwelvfault.com\/wp-content\/uploads\/2021\/04\/bmw-elv-emulator-v24-3pin-1.jpg\" \/><input type=\"hidden\" name=\"hash_one\" value=\"c27e5bf7085b64f0983d21479f9fefdb\" \/><input type=\"hidden\" name=\"hash_two\" value=\"697949055b6df77d26b7ea05c42c1e9a\" \/><\/form><\/div>\n<\/div>\n<\/div>\n<\/div>\n<div class=\"flexitem\">\n<div class=\"wp_cart_product_display_box\">\n<div class=\"wp_cart_product_thumbnail\"><a href=\"wp-content\/uploads\/2021\/11\/bmw-elv-error-resetter-back.jpg\" data-rel=\"lightbox-image-2\" data-rl_title=\"\" data-rl_caption=\"\" title=\"\"><img loading=\"lazy\" decoding=\"async\" class=\"alignnone size-medium wp-image-173\" style=\"border: 1px solid #000000;\" src=\"wp-content\/uploads\/2021\/11\/bmw-elv-error-resetter-back.jpg\" alt=\"bmw-elv-error-resetter-back\" width=\"300\" height=\"224\" \/><\/a><\/div>\n<div class=\"wp_cart_product_display_bottom\">\n<div class=\"wp_cart_product_name\">ELV-Fehlerz\u00e4hler RESET-Tool f\u00fcr BMW E-Serie<\/div>\n<div class=\"wp_cart_product_description\">Es entriegelt die Lenkung und erm\u00f6glicht den Start Ihres Autos wieder. Wenn sich Ihr Auto in einem Nicht-Lenk-Nichtstartzustand befindet, ben\u00f6tigen Sie auch dieses Werkzeug.<\/div>\n<div class=\"wp_cart_product_price\">\u20ac89.99<\/div>\n<div class=\"wp_cart_button_wrapper\"><form method=\"post\" class=\"wp-cart-button-form\" action=\"\" style=\"display:inline\" onsubmit=\"return ReadForm(this, true);\" ><input type=\"hidden\" id=\"_wpnonce\" name=\"_wpnonce\" value=\"e45f4b6e71\" \/><input type=\"hidden\" name=\"_wp_http_referer\" value=\"\/index.php?rest_route=%2Fwp%2Fv2%2Fpages%2F3221\" \/><input type=\"submit\" class=\"wspsc_add_cart_submit\" name=\"wspsc_add_cart_submit\" value=\"Add to Cart\" \/><input type=\"hidden\" name=\"wspsc_product\" value=\"ELV-Fehlerz\u00e4hler RESET-Tool f\u00fcr BMW E-Serie\" \/><input type=\"hidden\" name=\"price\" value=\"89.99\" \/><input type=\"hidden\" name=\"shipping\" value=\"0\" \/><input type=\"hidden\" name=\"addcart\" value=\"1\" \/><input type=\"hidden\" name=\"cartLink\" value=\"https:\/\/bmwelvfault.com:443\/index.php?rest_route=%2Fwp%2Fv2%2Fpages%2F3221\" \/><input type=\"hidden\" name=\"product_tmp\" value=\"ELV-Fehlerz\u00e4hler RESET-Tool f\u00fcr BMW E-Serie\" \/><input type=\"hidden\" name=\"item_number\" value=\"SKU-11397\" \/><input type=\"hidden\" name=\"thumbnail\" value=\"https:\/\/bmwelvfault.com\/wp-content\/uploads\/2021\/11\/bmw-elv-error-resetter-back.jpg\" \/><input type=\"hidden\" name=\"hash_one\" value=\"cfdf8646aad980d0fe4ba9f5659b2090\" \/><input type=\"hidden\" name=\"hash_two\" value=\"b8284324bc929a73d369d3290cc80459\" \/><\/form><\/div>\n<\/div>\n<\/div>\n<\/div>\n<\/div>\n<p><strong>Hinweis: Aus pr\u00e4ventiven Gr\u00fcnden lohnt es sich, den Emulator zu installieren, auch wenn der Lenkschlossfehler noch nicht aufgetreten ist! Es kann extrem \u00e4rgerlich und sehr teuer sein, wenn das Lenkrad nach dem Tanken auf der Autobahn oder w\u00e4hrend einer Auslandsreise nicht entriegelt werden kann. Fr\u00fcher oder sp\u00e4ter wird der Lenkverriegelungsmechanismus definitiv zusammenbrechen. Die einzigen Fragen sind wann und wo.<\/strong><\/p>\n<p><strong>DER VERFOLGTE VERSAND AUS UNSEREM LAGER IN GROSSBRITANNIEN, DEN USA ODER DER EU IST KOSTENLOS!<\/strong><br \/>\n(Es gibt keine Zollgeb\u00fchren f\u00fcr Gro\u00dfbritannien, die USA oder die EU! &#8211; die Lieferzeit betr\u00e4gt 1-5 Werktage.)<\/p>\n<p>ELV-Emulator &amp; ELV-Fehlerz\u00e4hler RESET-Tool f\u00fcr BMW E-Serie und auch f\u00fcr Mini R55, R56 und R57. L\u00f6sen Sie schnell ELV-Modulprobleme. Der Emulator simuliert eine perfekt funktionierende ELV f\u00fcr das CAS. Das RESET-Werkzeug entriegelt die Lenkung und erm\u00f6glicht den Start Ihres Autos wieder. Wenn sich Ihr Auto in einem Nicht-Kurbel-Nichtstartzustand befindet oder die Lenkung nicht entriegelt werden kann, ben\u00f6tigen Sie auch dieses Werkzeug. Somit gibt es keine Kontrollmeldungen mehr und Ihr BMW startet erneut.<\/p>\n<p><strong>Zu den Vorteilen gegen\u00fcber anderen ELV-Emulatoren geh\u00f6ren:<\/strong><br \/>\n&#8211; EU-PRODUKT VON ORIGINALQUALIT\u00c4T. ALLE UNSERE PRODUKTE BIETEN EINE LEBENSLANGE GARANTIE! GEBAUT, UM EIN LEBEN LANG ZU HALTEN.<br \/>\n&#8211; Wenn die Lenkung nicht entriegelt werden kann, k\u00f6nnen Sie sie mit unserem RESET-Tool entriegeln.<br \/>\n&#8211; Kann nur auf eine Weise eingesteckt werden. Dies eliminiert das R\u00e4tselraten \u00fcber Pin-Verbindungen. ENTH\u00c4LT EINEN PERFEKT PASSENDEN STECKERTYP!<br \/>\n&#8211; Geld-zur\u00fcck-Garantie f\u00fcr 30 Tage.<br \/>\n&#8211; Einzigartig auf dem Markt <strong>ist es mit einer RGB-Diagnose-LED ausgestattet<\/strong>, deren Bedienung im <a href=\"?page_id=3270&amp;lang=de#anchor-led-de\">Fragen und Antworten<\/a><br \/>\nMen\u00fc nachzulesen ist.<br \/>\n&#8211; Ein Kunststoffschutzgeh\u00e4use ist im Lieferumfang enthalten, das Kurzschl\u00fcsse, Staub, Kondensation und mechanische Besch\u00e4digungen verhindert.<br \/>\n&#8211; Ein l\u00e4ngeres Verbindungskabel, das die Platzierung und Installation erleichtert.<br \/>\n&#8211; Funktioniert auch mit 3- und 4-poligen ELV-Modulen.<br \/>\n&#8211; Plug and Play, keine zus\u00e4tzliche Programmierung erforderlich.<\/p>\n<p>Wenn das elektronische Lenkradschloss Ihrer BMW E-Serie oder MINI defekt ist, kann der Emulator das Problem leicht beheben. Das Ignorieren des Fehlers f\u00fchrt dazu, dass die Lenkung Sie aussperrt und zu einem Nichtstart Ihres Autos f\u00fchrt. Nat\u00fcrlich will BMW Werkstatt in diesem Fall die gesamte Lenks\u00e4ule ersetzen.<\/p>\n<h4>Die Installation des Emulators ist schnell und einfach:<\/h4>\n<p><a href=\"?page_id=3238&amp;lang=de\">Sehen Sie sich unsere Installationsvideos an, die Schritt f\u00fcr Schritt zeigen, wie Sie unsere Ger\u00e4te verwenden.<\/a> Dr\u00fccken Sie den Schl\u00fcssel-FOB in den Steckplatz. Dadurch wird die Lenkung entriegelt. Eine Z\u00fcndung ist nicht erforderlich.<strong>Wenn Ihre Lenkung nicht entriegelt werden kann, verwenden Sie bitte zuerst unser RESET-Tool.<\/strong> Entfernen Sie die Verkleidung unter der Lenks\u00e4ule (je nach Modell 3 oder 4 Schrauben). Trennen Sie den 3- oder 4-poligen Stecker von Ihrer ELV-Einheit. Es befindet sich ungef\u00e4hr in der Mitte der Lenks\u00e4ule. Schlie\u00dfen Sie den Autostecker an den Emulator an und starten Sie das Auto. Nach dem Einbau des ELV-Emulators weist das Fahrzeug keine Fehler mehr auf und startet normal.<\/p>\n<p class=\"blank\">\n","protected":false},"excerpt":{"rendered":"<p>Achtung! Ihr Zubeh\u00f6r sind selbst entwickelte Produkte. Wir sind nicht mit der Bayerischen Motoren Werke Aktiengesellschaft (BMW AG) verbunden. Die BMW AG fertigt und vertreibt kein Zubeh\u00f6r (au\u00dfer der kompletten Lenks\u00e4ule), das den Lenkschlossfehler behebt. ELV Emulator 4-poliges f\u00fcr BMW &amp; MINI Kompatibel auch mit 3- und 4-poligen ELV-Modulen. (Pin4 bleibt getrennt, wenn Sie ein [&hellip;]<\/p>\n","protected":false},"author":1,"featured_media":0,"parent":0,"menu_order":0,"comment_status":"closed","ping_status":"open","template":"","meta":{"footnotes":""},"class_list":["post-3221","page","type-page","status-publish","hentry"],"_links":{"self":[{"href":"https:\/\/bmwelvfault.com\/index.php?rest_route=\/wp\/v2\/pages\/3221","targetHints":{"allow":["GET"]}}],"collection":[{"href":"https:\/\/bmwelvfault.com\/index.php?rest_route=\/wp\/v2\/pages"}],"about":[{"href":"https:\/\/bmwelvfault.com\/index.php?rest_route=\/wp\/v2\/types\/page"}],"author":[{"embeddable":true,"href":"https:\/\/bmwelvfault.com\/index.php?rest_route=\/wp\/v2\/users\/1"}],"replies":[{"embeddable":true,"href":"https:\/\/bmwelvfault.com\/index.php?rest_route=%2Fwp%2Fv2%2Fcomments&post=3221"}],"version-history":[{"count":15,"href":"https:\/\/bmwelvfault.com\/index.php?rest_route=\/wp\/v2\/pages\/3221\/revisions"}],"predecessor-version":[{"id":5929,"href":"https:\/\/bmwelvfault.com\/index.php?rest_route=\/wp\/v2\/pages\/3221\/revisions\/5929"}],"wp:attachment":[{"href":"https:\/\/bmwelvfault.com\/index.php?rest_route=%2Fwp%2Fv2%2Fmedia&parent=3221"}],"curies":[{"name":"wp","href":"https:\/\/api.w.org\/{rel}","templated":true}]}}