{"id":2127,"date":"2022-09-18T01:19:36","date_gmt":"2022-09-17T23:19:36","guid":{"rendered":"https:\/\/bmwelvemulator.com\/?page_id=2127"},"modified":"2025-05-19T19:11:21","modified_gmt":"2025-05-19T17:11:21","slug":"termekek-2","status":"publish","type":"page","link":"https:\/\/bmwelvfault.com\/?page_id=2127&lang=hu","title":{"rendered":"Term\u00e9kek"},"content":{"rendered":"<p><strong>Figyelem! Tartoz\u00e9kaink saj\u00e1t fejleszt\u00e9s\u0171 term\u00e9kek, semmilyen kapcsolatban nem \u00e1llunk a Bayerische Motoren Werke Aktiengesellschaft (BMW AG) -vel. A BMW AG nem gy\u00e1rt \u00e9s nem is \u00e9rt\u00e9kes\u00edt olyan tartoz\u00e9kot (a komplett korm\u00e1nyoszlopon k\u00edv\u00fcl) ami a korm\u00e1nyz\u00e1r hib\u00e1t orvosoln\u00e1.<\/strong><\/p>\n\n<div class=\"flex-container1\">\n<div class=\"flexitem\">\n<div class=\"wp_cart_product_display_box\">\n<div class=\"wp_cart_product_thumbnail\"><a href=\"wp-content\/uploads\/2021\/04\/bmw-elv-emulator-v24-4pin-1.jpg\" data-rel=\"lightbox-image-0\" data-rl_title=\"\" data-rl_caption=\"\" title=\"\"><img loading=\"lazy\" decoding=\"async\" class=\"alignnone size-medium wp-image-170\" style=\"border: 1px solid #000000;\" src=\"wp-content\/uploads\/2021\/04\/bmw-elv-emulator-v24-4pin-1.jpg\" alt=\"\" width=\"300\" height=\"192\" \/><\/a><\/div>\n<div class=\"wp_cart_product_display_bottom\">\n<div class=\"wp_cart_product_name\">ELV emul\u00e1tor 4 t\u0171s BMW \u00e9s MINI -hez<\/div>\n<div class=\"wp_cart_product_description\">A h\u00e1rom \u00e9s a n\u00e9gy t\u0171s ELV csatlakoz\u00f3val is kompatibilis. (H\u00e1rom t\u0171s csatlakoz\u00f3 eset\u00e9n a negyedik t\u0171t nem kell csatlakoztatni)<\/div>\n<div class=\"wp_cart_product_price\">12 900 Ft.<\/div>\n<div class=\"wp_cart_button_wrapper\"><form method=\"post\" class=\"wp-cart-button-form\" action=\"\" style=\"display:inline\" onsubmit=\"return ReadForm(this, true);\" ><input type=\"hidden\" id=\"_wpnonce\" name=\"_wpnonce\" value=\"e45f4b6e71\" \/><input type=\"hidden\" name=\"_wp_http_referer\" value=\"\/index.php?rest_route=%2Fwp%2Fv2%2Fpages%2F2127\" \/><input type=\"submit\" class=\"wspsc_add_cart_submit\" name=\"wspsc_add_cart_submit\" value=\"Kos\u00e1rba\" \/><input type=\"hidden\" name=\"wspsc_product\" value=\"ELV emul\u00e1tor 4 t\u0171s BMW \u00e9s MINI -hez\" \/><input type=\"hidden\" name=\"price\" value=\"12900\" \/><input type=\"hidden\" name=\"shipping\" value=\"0\" \/><input type=\"hidden\" name=\"addcart\" value=\"1\" \/><input type=\"hidden\" name=\"cartLink\" value=\"https:\/\/bmwelvfault.com:443\/index.php?rest_route=%2Fwp%2Fv2%2Fpages%2F2127\" \/><input type=\"hidden\" name=\"product_tmp\" value=\"ELV emul\u00e1tor 4 t\u0171s BMW \u00e9s MINI -hez\" \/><input type=\"hidden\" name=\"item_number\" value=\"SKU-11389\" \/><input type=\"hidden\" name=\"thumbnail\" value=\"https:\/\/bmwelvfault.com\/wp-content\/uploads\/2021\/04\/bmw-elv-emulator-v24-4pin-1.jpg\" \/><input type=\"hidden\" name=\"hash_one\" value=\"ba46ca6de9559843f7c2d194d6394ee9\" \/><input type=\"hidden\" name=\"hash_two\" value=\"b5549eb9a145381d8d44e162052725bf\" \/><\/form><\/div>\n<\/div>\n<\/div>\n<\/div>\n<div class=\"flexitem\">\n<div class=\"wp_cart_product_display_box\">\n<div class=\"wp_cart_product_thumbnail\"><a href=\"wp-content\/uploads\/2021\/04\/bmw-elv-emulator-v24-3pin-1.jpg\" data-rel=\"lightbox-image-1\" data-rl_title=\"\" data-rl_caption=\"\" title=\"\"><img loading=\"lazy\" decoding=\"async\" class=\"alignnone size-medium wp-image-173\" style=\"border: 1px solid #000000;\" src=\"wp-content\/uploads\/2021\/04\/bmw-elv-emulator-v24-3pin-1.jpg\" alt=\"\" width=\"300\" height=\"224\" \/><\/a><\/div>\n<div class=\"wp_cart_product_display_bottom\">\n<div class=\"wp_cart_product_name\">ELV emul\u00e1tor 3 t\u0171s BMW \u00e9s MINI -hez<\/div>\n<div class=\"wp_cart_product_description\">Csak 3 t\u0171s csatlakoz\u00f3hoz. (BMW E87 2004\/12-ig)<\/div>\n<div class=\"wp_cart_product_price\">14 900 Ft.<\/div>\n<div class=\"wp_cart_button_wrapper\"><form method=\"post\" class=\"wp-cart-button-form\" action=\"\" style=\"display:inline\" onsubmit=\"return ReadForm(this, true);\" ><input type=\"hidden\" id=\"_wpnonce\" name=\"_wpnonce\" value=\"e45f4b6e71\" \/><input type=\"hidden\" name=\"_wp_http_referer\" value=\"\/index.php?rest_route=%2Fwp%2Fv2%2Fpages%2F2127\" \/><input type=\"submit\" class=\"wspsc_add_cart_submit\" name=\"wspsc_add_cart_submit\" value=\"Kos\u00e1rba\" \/><input type=\"hidden\" name=\"wspsc_product\" value=\"ELV emul\u00e1tor 3 t\u0171s BMW \u00e9s MINI -hez\" \/><input type=\"hidden\" name=\"price\" value=\"14900\" \/><input type=\"hidden\" name=\"shipping\" value=\"0\" \/><input type=\"hidden\" name=\"addcart\" value=\"1\" \/><input type=\"hidden\" name=\"cartLink\" value=\"https:\/\/bmwelvfault.com:443\/index.php?rest_route=%2Fwp%2Fv2%2Fpages%2F2127\" \/><input type=\"hidden\" name=\"product_tmp\" value=\"ELV emul\u00e1tor 3 t\u0171s BMW \u00e9s MINI -hez\" \/><input type=\"hidden\" name=\"item_number\" value=\"SKU-11390\" \/><input type=\"hidden\" name=\"thumbnail\" value=\"https:\/\/bmwelvfault.com\/wp-content\/uploads\/2021\/04\/bmw-elv-emulator-v24-3pin-1.jpg\" \/><input type=\"hidden\" name=\"hash_one\" value=\"6a58701b16b206d6bea995900b9b8ddb\" \/><input type=\"hidden\" name=\"hash_two\" value=\"f97c028e3d1631496cfa48edd9beefe0\" \/><\/form><\/div>\n<\/div>\n<\/div>\n<\/div>\n<div class=\"flexitem\">\n<div class=\"wp_cart_product_display_box\">\n<div class=\"wp_cart_product_thumbnail\"><a href=\"wp-content\/uploads\/2021\/11\/bmw-elv-error-resetter-back.jpg\" data-rel=\"lightbox-image-2\" data-rl_title=\"\" data-rl_caption=\"\" title=\"\"><img loading=\"lazy\" decoding=\"async\" class=\"alignnone size-medium wp-image-173\" style=\"border: 1px solid #000000;\" src=\"wp-content\/uploads\/2021\/11\/bmw-elv-error-resetter-back.jpg\" alt=\"bmw-elv-error-resetter-back\" width=\"300\" height=\"224\" \/><\/a><\/div>\n<div class=\"wp_cart_product_display_bottom\">\n<div class=\"wp_cart_product_name\">ELV hibasz\u00e1ml\u00e1l\u00f3 NULL\u00c1Z\u00d3 BMW \u00e9s MINI-hez<\/div>\n<div class=\"wp_cart_product_description\">Feloldja a korm\u00e1nyz\u00e1rat \u00e9s lehet\u0151v\u00e9 teszi az aut\u00f3 ind\u00edt\u00e1s\u00e1t amennyiben az m\u00e1r letiltott. Ha az aut\u00f3d nem ind\u00edthat\u00f3 erre az eszk\u00f6zre is mindenk\u00e9pp sz\u00fcks\u00e9ged lesz.<\/div>\n<div class=\"wp_cart_product_price\">29 900 Ft.<\/div>\n<div class=\"wp_cart_button_wrapper\"><form method=\"post\" class=\"wp-cart-button-form\" action=\"\" style=\"display:inline\" onsubmit=\"return ReadForm(this, true);\" ><input type=\"hidden\" id=\"_wpnonce\" name=\"_wpnonce\" value=\"e45f4b6e71\" \/><input type=\"hidden\" name=\"_wp_http_referer\" value=\"\/index.php?rest_route=%2Fwp%2Fv2%2Fpages%2F2127\" \/><input type=\"submit\" class=\"wspsc_add_cart_submit\" name=\"wspsc_add_cart_submit\" value=\"Kos\u00e1rba\" \/><input type=\"hidden\" name=\"wspsc_product\" value=\"ELV hibasz\u00e1ml\u00e1l\u00f3 NULL\u00c1Z\u00d3 BMW \u00e9s MINI-hez\" \/><input type=\"hidden\" name=\"price\" value=\"29900\" \/><input type=\"hidden\" name=\"shipping\" value=\"0\" \/><input type=\"hidden\" name=\"addcart\" value=\"1\" \/><input type=\"hidden\" name=\"cartLink\" value=\"https:\/\/bmwelvfault.com:443\/index.php?rest_route=%2Fwp%2Fv2%2Fpages%2F2127\" \/><input type=\"hidden\" name=\"product_tmp\" value=\"ELV hibasz\u00e1ml\u00e1l\u00f3 NULL\u00c1Z\u00d3 BMW \u00e9s MINI-hez\" \/><input type=\"hidden\" name=\"item_number\" value=\"SKU-11391\" \/><input type=\"hidden\" name=\"thumbnail\" value=\"https:\/\/bmwelvfault.com\/wp-content\/uploads\/2021\/11\/bmw-elv-error-resetter-back.jpg\" \/><input type=\"hidden\" name=\"hash_one\" value=\"439ce8ae151af807ff506d66df75b45d\" \/><input type=\"hidden\" name=\"hash_two\" value=\"c1f16354b9e1268732eeeb7368f56d66\" \/><\/form><\/div>\n<\/div>\n<\/div>\n<\/div>\n<\/div>\n<p><strong>Tipp: Az emul\u00e1tort megel\u0151z\u00e9si c\u00e9llal olyankor is \u00e9rdemes beszerelni ha a korm\u00e1nyz\u00e1r hiba m\u00e9g nem jelentkezett! Rendk\u00edv\u00fcl bosszant\u00f3 \u00e9s igen k\u00f6lts\u00e9ges lehet ha a korm\u00e1nyz\u00e1r \u00e9pp az aut\u00f3p\u00e1ly\u00e1n egy tankol\u00e1s ut\u00e1n, vagy k\u00fclf\u00f6ldi kir\u00e1ndul\u00e1s sor\u00e1n adja meg mag\u00e1t. El\u0151bb-ut\u00f3bb pedig biztos hogy t\u00f6nkremegy, a k\u00e9rd\u00e9s m\u00e1r csak az hogy mikor \u00e9s hol?<\/strong><\/p>\n<p><strong>MEGRENDEL\u00c9SED NYOMK\u00d6VETETT CSOMAGBAN A K\u00d6VETKEZ\u0150 MUNKANAPON POST\u00c1ZZUK EU RAKT\u00c1RUNKB\u00d3L.<\/strong><br \/>\n(Nincsenek v\u00e1m \u00e9s \u00e1fa k\u00f6lts\u00e9gek! &#8211; kisz\u00e1ll\u00edt\u00e1si id\u0151 1-2 munkanap)<\/p>\n<p>ELV emul\u00e1tor \u00e9s ELV hibasz\u00e1ml\u00e1l\u00f3 NULL\u00c1Z\u00d3 BMW E-sorozathoz \u00e9s Mini R55, R56 \u00e9s R57-hez. Azonnal megoldja az elektronikus korm\u00e1nyz\u00e1r probl\u00e9m\u00e1kat. Az emul\u00e1tor egy t\u00f6k\u00e9letesen m\u0171k\u00f6d\u0151 korm\u00e1nyz\u00e1r (ELV) modult szimul\u00e1l az aut\u00f3 vez\u00e9rl\u0151egys\u00e9ge fel\u00e9. A NULL\u00c1Z\u00d3 eszk\u00f6z feloldja a korm\u00e1nyz\u00e1rat \u00e9s lehet\u0151v\u00e9 teszi az aut\u00f3 \u00fajb\u00f3li ind\u00edt\u00e1s\u00e1t amennyiben az elektronika m\u00e1r letiltott. Nem lesz t\u00f6bb\u00e9 korm\u00e1nyz\u00e1r hiba, az aut\u00f3d ism\u00e9t hibamentesen ind\u00edthat\u00f3 lesz.<\/p>\n<p><strong>Az emul\u00e1tor el\u0151nyei:<\/strong><br \/>\n&#8211; Min\u0151s\u00e9gi EU term\u00e9k. Az \u00f6sszes term\u00e9k\u00fcnkre \u00e9lettartam garanci\u00e1t v\u00e1llalunk!<br \/>\n&#8211; A NULL\u00c1Z\u00d3 eszk\u00f6zzel m\u00e9g abban az esetben is feloldhat\u00f3 a korm\u00e1nyz\u00e1r \u00e9s ind\u00edthat\u00f3 az aut\u00f3 ha ezt az elektronika el\u0151z\u0151leg m\u00e1r letiltotta<br \/>\n&#8211; Az eredetivel teljesen megegyez\u0151 csatlakoz\u00f3nak k\u00f6sz\u00f6nhet\u0151en csak egyf\u00e9le k\u00e9pen csatlakoztathat\u00f3.<br \/>\n&#8211; A piacon egyed\u00fcl\u00e1ll\u00f3 m\u00f3don <strong>RGB diagnosztikai LED-el van felszerelve<\/strong>, melynek m\u0171k\u00f6d\u00e9se a <a href=\"?page_id=1620&amp;lang=hu#anchor-led-hu\">GYIK<\/a> men\u00fcpontban tal\u00e1lhat\u00f3.<br \/>\n&#8211; A massz\u00edv m\u0171anyag burkolat megakad\u00e1lyozza a r\u00f6vidz\u00e1rlatot \u00e9s a por valamint a nedvess\u00e9g bejut\u00e1s\u00e1t is.<br \/>\n&#8211; A h\u00e1rom \u00e9s a n\u00e9gy t\u0171s ELV csatlakoz\u00f3val is kompatibilis.<br \/>\n&#8211; A flexibilis csatlakoz\u00f3k\u00e1belnek k\u00f6sz\u00f6nhet\u0151en egyszer\u0171en beszerelhet\u0151<br \/>\n&#8211; Nem ig\u00e9nyel ut\u00f3lagos k\u00f3dol\u00e1st, p\u00e1r perces beszerel\u00e9s ut\u00e1n azonnal haszn\u00e1lhat\u00f3.<\/p>\n<p>Az emul\u00e1tor k\u00f6lts\u00e9ghat\u00e9kony megold\u00e1s a BMW-k \u00e9s MINI-k elektronikus korm\u00e1nyz\u00e1r hib\u00e1j\u00e1ra. Amennyiben a vil\u00e1g\u00edt\u00f3 piros vagy s\u00e1rga korm\u00e1nyz\u00e1r hibajelz\u00e9st figyelmen k\u00edv\u00fcl hagyod, r\u00f6vid id\u0151n bel\u00fcl a korm\u00e1nyz\u00e1rat egy\u00e1ltal\u00e1n nem fogod tudni feloldani \u00e9s az elektronika letiltja az ind\u00edt\u00e1st is. Term\u00e9szetesen az aut\u00f3szervizek ilyenkor kiz\u00e1r\u00f3lag a teljes korm\u00e1nyoszlop cser\u00e9j\u00e9t fogj\u00e1k javasolni ami t\u00f6bb sz\u00e1zezer forintos k\u00f6lts\u00e9get jelent.<\/p>\n<h4>Az emul\u00e1tor beszerel\u00e9se p\u00e1r egyszer\u0171 l\u00e9p\u00e9sb\u0151l \u00e1ll, ami p\u00e1r perc alatt b\u00e1rhol elv\u00e9gezhet\u0151:<\/h4>\n<p><a href=\"?page_id=1623&amp;lang=hu\">Itt megn\u00e9zheted a beszerel\u00e9sr\u0151l k\u00e9sz\u00fclt vide\u00f3inkat<\/a> Helyezd be az ind\u00edt\u00f3kulcsot. Ezzel feloldod a korm\u00e1nyz\u00e1rat. <strong>Abban az esetben ha a korm\u00e1nyz\u00e1rat m\u00e1r nem tudod feloldani, els\u0151k\u00e9nt haszn\u00e1ld a NULL\u00c1Z\u00d3 eszk\u00f6z\u00fcnket.<\/strong> Szereld le a ped\u00e1lok f\u00f6l\u00f6tti takar\u00f3panelt amit t\u00edpust\u00f3l f\u00fcgg\u0151en 3 vagy 4 csavar tart. Ezut\u00e1n az eredeti korm\u00e1nyz\u00e1r modul 3 vagy 4 t\u0171s csatlakoz\u00f3j\u00e1t ki kell h\u00fazni \u00e9s a szabad csatlakoz\u00f3v\u00e9ghez kell csatlakoztatni az emul\u00e1tort. Ezut\u00e1n a j\u00e1rm\u0171 ind\u00edthat\u00f3, a korm\u00e1nyz\u00e1r hiba \u00f6r\u00f6kre megsz\u0171nik. Nem ig\u00e9nyel semmilyen ut\u00f3lagos k\u00f3dol\u00e1st, programoz\u00e1st vagy szak\u00e9rtelmet.<\/p>\n<p class=\"blank\">\n","protected":false},"excerpt":{"rendered":"<p>Figyelem! Tartoz\u00e9kaink saj\u00e1t fejleszt\u00e9s\u0171 term\u00e9kek, semmilyen kapcsolatban nem \u00e1llunk a Bayerische Motoren Werke Aktiengesellschaft (BMW AG) -vel. A BMW AG nem gy\u00e1rt \u00e9s nem is \u00e9rt\u00e9kes\u00edt olyan tartoz\u00e9kot (a komplett korm\u00e1nyoszlopon k\u00edv\u00fcl) ami a korm\u00e1nyz\u00e1r hib\u00e1t orvosoln\u00e1. ELV emul\u00e1tor 4 t\u0171s BMW \u00e9s MINI -hez A h\u00e1rom \u00e9s a n\u00e9gy t\u0171s ELV csatlakoz\u00f3val is kompatibilis. [&hellip;]<\/p>\n","protected":false},"author":1,"featured_media":0,"parent":0,"menu_order":0,"comment_status":"closed","ping_status":"open","template":"","meta":{"footnotes":""},"class_list":["post-2127","page","type-page","status-publish","hentry"],"_links":{"self":[{"href":"https:\/\/bmwelvfault.com\/index.php?rest_route=\/wp\/v2\/pages\/2127","targetHints":{"allow":["GET"]}}],"collection":[{"href":"https:\/\/bmwelvfault.com\/index.php?rest_route=\/wp\/v2\/pages"}],"about":[{"href":"https:\/\/bmwelvfault.com\/index.php?rest_route=\/wp\/v2\/types\/page"}],"author":[{"embeddable":true,"href":"https:\/\/bmwelvfault.com\/index.php?rest_route=\/wp\/v2\/users\/1"}],"replies":[{"embeddable":true,"href":"https:\/\/bmwelvfault.com\/index.php?rest_route=%2Fwp%2Fv2%2Fcomments&post=2127"}],"version-history":[{"count":67,"href":"https:\/\/bmwelvfault.com\/index.php?rest_route=\/wp\/v2\/pages\/2127\/revisions"}],"predecessor-version":[{"id":5926,"href":"https:\/\/bmwelvfault.com\/index.php?rest_route=\/wp\/v2\/pages\/2127\/revisions\/5926"}],"wp:attachment":[{"href":"https:\/\/bmwelvfault.com\/index.php?rest_route=%2Fwp%2Fv2%2Fmedia&parent=2127"}],"curies":[{"name":"wp","href":"https:\/\/api.w.org\/{rel}","templated":true}]}}