{"id":1623,"date":"2022-07-10T19:47:03","date_gmt":"2022-07-10T19:47:03","guid":{"rendered":"https:\/\/bmwelvemulator.com\/?page_id=1623"},"modified":"2022-10-28T15:35:20","modified_gmt":"2022-10-28T13:35:20","slug":"termekek","status":"publish","type":"page","link":"https:\/\/bmwelvfault.com\/?page_id=1623&lang=hu","title":{"rendered":"Beszerel\u00e9si vide\u00f3k"},"content":{"rendered":"\n<h4>Elektronikus korm\u00e1nyz\u00e1r (ELV) Emul\u00e1tor beszerel\u00e9se az \u00f6sszes BMW E-sz\u00e9ri\u00e1ba (E90, E60, E87, stb.)<\/h4>\n<div class=\"video-container\"><iframe loading=\"lazy\" title=\"YouTube video player\" src=\"https:\/\/www.youtube.com\/embed\/ATqkp6kBTfs\" allowfullscreen=\"allowfullscreen\" width=\"560\" height=\"315\" frameborder=\"0\"><\/iframe><\/div>\n<h4>A BMW \u00e9s MINI ELV hibasz\u00e1ml\u00e1l\u00f3 NULL\u00c1Z\u00d3 eszk\u00f6z haszn\u00e1lata<\/h4>\n<div class=\"video-container\"><iframe loading=\"lazy\" title=\"YouTube video player\" src=\"https:\/\/www.youtube.com\/embed\/HJ6cbTW65MI\" allowfullscreen=\"allowfullscreen\" width=\"560\" height=\"315\" frameborder=\"0\"><\/iframe><\/div>\n<p class=\"blank\">&nbsp;<\/p>\n<p class=\"blank\">&nbsp;<\/p>\n<p class=\"blank\">&nbsp;<\/p>\n","protected":false},"excerpt":{"rendered":"<p>Elektronikus korm\u00e1nyz\u00e1r (ELV) Emul\u00e1tor beszerel\u00e9se az \u00f6sszes BMW E-sz\u00e9ri\u00e1ba (E90, E60, E87, stb.) A BMW \u00e9s MINI ELV hibasz\u00e1ml\u00e1l\u00f3 NULL\u00c1Z\u00d3 eszk\u00f6z haszn\u00e1lata &nbsp; &nbsp; &nbsp;<\/p>\n","protected":false},"author":1,"featured_media":0,"parent":0,"menu_order":0,"comment_status":"closed","ping_status":"open","template":"","meta":{"footnotes":""},"class_list":["post-1623","page","type-page","status-publish","hentry"],"_links":{"self":[{"href":"https:\/\/bmwelvfault.com\/index.php?rest_route=\/wp\/v2\/pages\/1623","targetHints":{"allow":["GET"]}}],"collection":[{"href":"https:\/\/bmwelvfault.com\/index.php?rest_route=\/wp\/v2\/pages"}],"about":[{"href":"https:\/\/bmwelvfault.com\/index.php?rest_route=\/wp\/v2\/types\/page"}],"author":[{"embeddable":true,"href":"https:\/\/bmwelvfault.com\/index.php?rest_route=\/wp\/v2\/users\/1"}],"replies":[{"embeddable":true,"href":"https:\/\/bmwelvfault.com\/index.php?rest_route=%2Fwp%2Fv2%2Fcomments&post=1623"}],"version-history":[{"count":24,"href":"https:\/\/bmwelvfault.com\/index.php?rest_route=\/wp\/v2\/pages\/1623\/revisions"}],"predecessor-version":[{"id":2529,"href":"https:\/\/bmwelvfault.com\/index.php?rest_route=\/wp\/v2\/pages\/1623\/revisions\/2529"}],"wp:attachment":[{"href":"https:\/\/bmwelvfault.com\/index.php?rest_route=%2Fwp%2Fv2%2Fmedia&parent=1623"}],"curies":[{"name":"wp","href":"https:\/\/api.w.org\/{rel}","templated":true}]}}