{"id":1620,"date":"2022-07-10T19:45:31","date_gmt":"2022-07-10T19:45:31","guid":{"rendered":"https:\/\/bmwelvemulator.com\/?page_id=1620"},"modified":"2023-10-18T00:04:42","modified_gmt":"2023-10-17T22:04:42","slug":"adatvedelem","status":"publish","type":"page","link":"https:\/\/bmwelvfault.com\/?page_id=1620&lang=hu","title":{"rendered":"GYIK"},"content":{"rendered":"\n<h2>M\u0171k\u00f6dni fog az emul\u00e1tor, ha a korm\u00e1nyz\u00e1r hibajelz\u00e9s vil\u00e1g\u00edt \u00e9s az aut\u00f3 nem indul?<\/h2>\n<p>Term\u00e9szetesen. Ha az aut\u00f3 m\u00e1r nem ind\u00edthat\u00f3 mert az elektronika letiltott, az emul\u00e1tor \u00e9s a NULL\u00c1Z\u00d3 eszk\u00f6z t\u00f6k\u00e9letes megold\u00e1st jelent sz\u00e1modra.<\/p>\n<h2>A korm\u00e1nyz\u00e1r le van z\u00e1rva. A NULL\u00c1Z\u00d3 eszk\u00f6zzel feloldhat\u00f3 az emul\u00e1tor csatlakoztat\u00e1sa el\u0151tt?<\/h2>\n<p>Igen, term\u00e9szetesen a NULL\u00c1Z\u00d3 eszk\u00f6z automatikusan feloldja a korm\u00e1nyz\u00e1rat, \u00e9s ezut\u00e1n tudod csatlakoztatni az emul\u00e1tort.<\/p>\n<h2>Az emul\u00e1tor beszerel\u00e9se ut\u00e1n el kell t\u00e1vol\u00edtani az eredeti korm\u00e1nyz\u00e1r mechanizmust?<\/h2>\n<p>Nem. Teljesen biztons\u00e1gos ha a hely\u00e9n hagyod az eredeti z\u00e1rszerkezetet, mert egy rug\u00f3s mechanizmus r\u00f6gz\u00edti a korm\u00e1nyz\u00e1rat nyitott helyzetben. \u00cdgy a mendemond\u00e1k ellen\u00e9re az soha semmilyen k\u00f6r\u00fclm\u00e9nyek k\u00f6z\u00f6tt sem z\u00e1r\u00f3dik le v\u00e9letlen\u00fcl.<\/p>\n<h2>Haszn\u00e1lhatom t\u00f6bbsz\u00f6r is a NULL\u00c1Z\u00d3 eszk\u00f6zt?<\/h2>\n<p>Igen, term\u00e9szetesen ak\u00e1rh\u00e1nyszor haszn\u00e1lhatod az aut\u00f3don.<\/p>\n<h2>Kipr\u00f3b\u00e1ltam egy m\u00e1sik emul\u00e1tort. Nem t\u00f6rt\u00e9nt semmi, az aut\u00f3 tov\u00e1bbra sem indul. Ez m\u0171k\u00f6dni fog?<\/h2>\n<p>Term\u00e9szetesen. Az emul\u00e1tor \u00e9s a NULL\u00c1Z\u00d3 eszk\u00f6z mindig megoldja a probl\u00e9m\u00e1t, m\u00e9g akkor is ha az elektronika m\u00e1r el\u0151z\u0151leg letiltott.<\/p>\n<h2 id=\"anchor-led-hu\">Folyamatosan vil\u00e1g\u00edtania kell az emul\u00e1tor LED-j\u00e9nek?<\/h2>\n<p>Nem!<br \/>\n-Sikeres felold\u00e1s ut\u00e1n a LED z\u00f6lden felvillan k\u00f6r\u00fclbel\u00fcl f\u00e9l m\u00e1sodpercig.<br \/>\n-Sikeres z\u00e1rol\u00e1s ut\u00e1n a LED pirosan felvillan k\u00f6r\u00fclbel\u00fcl f\u00e9l m\u00e1sodpercig.<br \/>\n-Ha a CAS nem tud kommunik\u00e1lni az emul\u00e1torral, a LED 3-szor feh\u00e9ren felvillan. (Kommunik\u00e1ci\u00f3s hiba eset\u00e9n).<br \/>\nHa a LED egy\u00e1ltal\u00e1n nem vil\u00e1g\u00edt, akkor a CAS m\u00e1r letiltotta a gy\u00fajt\u00e1st \u00e9s a korm\u00e1ny kiold\u00e1s\u00e1t.<br \/>\nEbben az esetben a NULL\u00c1Z\u00d3 eszk\u00f6z\u00fcnkre is sz\u00fcks\u00e9ged van.<\/p>\n<h2>Az ELV modul csatlakoz\u00f3ja mindig fekete?<\/h2>\n<p>Igen. A f\u00e9kl\u00e1mpa kapcsol\u00f3 csatlakoz\u00f3ja hasonl\u00f3 alak\u00fa, de feh\u00e9r sz\u00edn\u0171. Soha ne csatlakoztasd az emul\u00e1tort a feh\u00e9r csatlakoz\u00f3hoz.<\/p>\n","protected":false},"excerpt":{"rendered":"<p>M\u0171k\u00f6dni fog az emul\u00e1tor, ha a korm\u00e1nyz\u00e1r hibajelz\u00e9s vil\u00e1g\u00edt \u00e9s az aut\u00f3 nem indul? Term\u00e9szetesen. Ha az aut\u00f3 m\u00e1r nem ind\u00edthat\u00f3 mert az elektronika letiltott, az emul\u00e1tor \u00e9s a NULL\u00c1Z\u00d3 eszk\u00f6z t\u00f6k\u00e9letes megold\u00e1st jelent sz\u00e1modra. A korm\u00e1nyz\u00e1r le van z\u00e1rva. A NULL\u00c1Z\u00d3 eszk\u00f6zzel feloldhat\u00f3 az emul\u00e1tor csatlakoztat\u00e1sa el\u0151tt? Igen, term\u00e9szetesen a NULL\u00c1Z\u00d3 eszk\u00f6z automatikusan feloldja [&hellip;]<\/p>\n","protected":false},"author":1,"featured_media":0,"parent":0,"menu_order":0,"comment_status":"closed","ping_status":"open","template":"","meta":{"footnotes":""},"class_list":["post-1620","page","type-page","status-publish","hentry"],"_links":{"self":[{"href":"https:\/\/bmwelvfault.com\/index.php?rest_route=\/wp\/v2\/pages\/1620","targetHints":{"allow":["GET"]}}],"collection":[{"href":"https:\/\/bmwelvfault.com\/index.php?rest_route=\/wp\/v2\/pages"}],"about":[{"href":"https:\/\/bmwelvfault.com\/index.php?rest_route=\/wp\/v2\/types\/page"}],"author":[{"embeddable":true,"href":"https:\/\/bmwelvfault.com\/index.php?rest_route=\/wp\/v2\/users\/1"}],"replies":[{"embeddable":true,"href":"https:\/\/bmwelvfault.com\/index.php?rest_route=%2Fwp%2Fv2%2Fcomments&post=1620"}],"version-history":[{"count":31,"href":"https:\/\/bmwelvfault.com\/index.php?rest_route=\/wp\/v2\/pages\/1620\/revisions"}],"predecessor-version":[{"id":3738,"href":"https:\/\/bmwelvfault.com\/index.php?rest_route=\/wp\/v2\/pages\/1620\/revisions\/3738"}],"wp:attachment":[{"href":"https:\/\/bmwelvfault.com\/index.php?rest_route=%2Fwp%2Fv2%2Fmedia&parent=1620"}],"curies":[{"name":"wp","href":"https:\/\/api.w.org\/{rel}","templated":true}]}}