{"id":1603,"date":"2022-07-10T10:53:27","date_gmt":"2022-07-10T10:53:27","guid":{"rendered":"https:\/\/bmwelvemulator.com\/?page_id=1603"},"modified":"2022-09-24T17:08:55","modified_gmt":"2022-09-24T15:08:55","slug":"about-us-magyar","status":"publish","type":"page","link":"https:\/\/bmwelvfault.com\/?page_id=1603&lang=hu","title":{"rendered":"R\u00f3lunk"},"content":{"rendered":"\n<p>A BmwElvEmulator.com weboldalt az Angli\u00e1ban \u00e9s Walesben bejegyzett Car Diag Lab Ltd. \u00fczemelteti (A c\u00e9g regisztr\u00e1ci\u00f3s sz\u00e1ma: 13434184).<\/p>\n<p>Az info@bmwelvemulator.com email c\u00edmen kereszt\u00fcl vagy a k\u00f6vetkez\u0151 postai levelez\u00e9si c\u00edmen tudod felvenni vel\u00fcnk a kapcsolatot: 1 Foster Road, Peterborough, PE2 9RS, UK.<\/p>\n<p>C\u00e9g\u00fcnk akkor alakult, amikor az elektronikus korm\u00e1nyz\u00e1r (ELV) hiba az \u00e9n aut\u00f3mat is utol\u00e9rte (BMW E63). Term\u00e9szetesen a szerviz azonnal ki akarta cser\u00e9ltetni a komplett korm\u00e1nyoszlopot de val\u00f3sz\u00edn\u0171leg tudod, hogy ez milyen sokba ker\u00fclt volna. Azt gondoltuk, hogy ez egy\u00e1ltal\u00e1n nem \u00e9szszer\u0171 \u00e9s nem is sz\u00fcks\u00e9gszer\u0171.<\/p>\n<p>Ekkor kezdt\u00fck el keresni a megold\u00e1st. N\u00e9mi internetes kutat\u00e1s ut\u00e1n kider\u00fclt, hogy a 2004 \u00e9s 2014 k\u00f6z\u00f6tt gy\u00e1rtott BMW-k \u00e9s MINI-k egy nagyon gyakori t\u00edpushib\u00e1j\u00e1val van dolgunk. K\u00e9s\u0151bb a BMW m\u00e9rn\u00f6kei is felismert\u00e9k az ezekkel a modulokkal kapcsolatos tervez\u00e9si probl\u00e9m\u00e1kat mivel 2014-t\u0151l m\u00e1r nem ezt a t\u00edpus\u00fa modult szerelt\u00e9k az aut\u00f3kba.<\/p>\n<p>Ez azonban nem ny\u00fajt megold\u00e1st azoknak a BMW \u00e9s Mini tulajdonosoknak akiknek az aut\u00f3iba m\u00e9g ezek a modulok ker\u00fcltek beszerel\u00e9sre. Nincs sem visszah\u00edv\u00e1s sem egy\u00e9b seg\u00edts\u00e9g.<\/p>\n<p>A jav\u00edt\u00e1s mellett felmer\u00fclt a teljes modul kiiktat\u00e1sa is de ha egyszer\u0171en kih\u00fazzuk az ELV-modult az aut\u00f3b\u00f3l, akkor az egy\u00e1ltal\u00e1n nem indul el. Ekkor sz\u00fcletett meg az ELV emul\u00e1tor \u00f6tlete \u00e9s r\u00f6gt\u00f6n el is indult a fejleszt\u00e9s.<\/p>\n<p>Ha ugyanebben a helyzetben vagy, akkor j\u00f3 helyen j\u00e1rsz. Az eszk\u00f6zt rengeteg munka \u00e9s m\u00e9g t\u00f6bb tesztel\u00e9s \u00e1ltal fejlesztett\u00fck ki. V\u00e9g\u00fcl a projekt egy sikert\u00f6rt\u00e9net lett mivel t\u00f6k\u00e9letesen megoldottuk a probl\u00e9m\u00e1t \u00e9s most m\u00e1r b\u00e1rkinek tudunk seg\u00edteni.<\/p>\n<p>Ha b\u00e1rmi k\u00e9rd\u00e9sed van nyugodtan \u00edrj nek\u00fcnk \u00fczenetet az info@bmwelvemulator.com e-mail c\u00edmre.<\/p>\n<p>&nbsp;<\/p>\n","protected":false},"excerpt":{"rendered":"<p>A BmwElvEmulator.com weboldalt az Angli\u00e1ban \u00e9s Walesben bejegyzett Car Diag Lab Ltd. \u00fczemelteti (A c\u00e9g regisztr\u00e1ci\u00f3s sz\u00e1ma: 13434184). Az info@bmwelvemulator.com email c\u00edmen kereszt\u00fcl vagy a k\u00f6vetkez\u0151 postai levelez\u00e9si c\u00edmen tudod felvenni vel\u00fcnk a kapcsolatot: 1 Foster Road, Peterborough, PE2 9RS, UK. C\u00e9g\u00fcnk akkor alakult, amikor az elektronikus korm\u00e1nyz\u00e1r (ELV) hiba az \u00e9n aut\u00f3mat is utol\u00e9rte [&hellip;]<\/p>\n","protected":false},"author":1,"featured_media":0,"parent":0,"menu_order":0,"comment_status":"closed","ping_status":"closed","template":"","meta":{"footnotes":""},"class_list":["post-1603","page","type-page","status-publish","hentry"],"_links":{"self":[{"href":"https:\/\/bmwelvfault.com\/index.php?rest_route=\/wp\/v2\/pages\/1603","targetHints":{"allow":["GET"]}}],"collection":[{"href":"https:\/\/bmwelvfault.com\/index.php?rest_route=\/wp\/v2\/pages"}],"about":[{"href":"https:\/\/bmwelvfault.com\/index.php?rest_route=\/wp\/v2\/types\/page"}],"author":[{"embeddable":true,"href":"https:\/\/bmwelvfault.com\/index.php?rest_route=\/wp\/v2\/users\/1"}],"replies":[{"embeddable":true,"href":"https:\/\/bmwelvfault.com\/index.php?rest_route=%2Fwp%2Fv2%2Fcomments&post=1603"}],"version-history":[{"count":43,"href":"https:\/\/bmwelvfault.com\/index.php?rest_route=\/wp\/v2\/pages\/1603\/revisions"}],"predecessor-version":[{"id":2200,"href":"https:\/\/bmwelvfault.com\/index.php?rest_route=\/wp\/v2\/pages\/1603\/revisions\/2200"}],"wp:attachment":[{"href":"https:\/\/bmwelvfault.com\/index.php?rest_route=%2Fwp%2Fv2%2Fmedia&parent=1603"}],"curies":[{"name":"wp","href":"https:\/\/api.w.org\/{rel}","templated":true}]}}